{"id":2968,"date":"2022-09-06T12:14:42","date_gmt":"2022-09-06T16:14:42","guid":{"rendered":"https:\/\/acass.com\/home-copy\/"},"modified":"2025-11-19T13:15:37","modified_gmt":"2025-11-19T18:15:37","slug":"accueil","status":"publish","type":"page","link":"https:\/\/acass.com\/fr\/","title":{"rendered":"Accueil"},"content":{"rendered":"","protected":false},"excerpt":{"rendered":"","protected":false},"author":1,"featured_media":3138,"parent":0,"menu_order":0,"comment_status":"closed","ping_status":"closed","template":"index.php","meta":{"_acf_changed":false,"footnotes":"","_links_to":"","_links_to_target":""},"class_list":["post-2968","page","type-page","status-publish","has-post-thumbnail","hentry"],"acf":[],"yoast_head":"<!-- This site is optimized with the Yoast SEO plugin v27.3 - https:\/\/yoast.com\/product\/yoast-seo-wordpress\/ -->\n<title>ACASS - Own Your Journey\u00ae<\/title>\n<meta name=\"description\" content=\"Les experts en aviation d&#039;affaires. Vous pouvez compter sur l&#039;exp\u00e9rience in\u00e9gal\u00e9e et le savoir-faire d&#039;ACASS pour vous guider dans tous les aspects de votre parcours en aviation d&#039;affaires. Notre expertise couvre la vente d&#039;avions, la gestion d&#039;avions, la livraison, la mise en service et plus encore. Personne n&#039;est mieux \u00e9quip\u00e9 que nous pour vous guider et vous soutenir \u00e0 chaque \u00e9tape de votre parcours en tant que propri\u00e9taire d&#039;avion.\" \/>\n<meta name=\"robots\" content=\"index, follow, max-snippet:-1, max-image-preview:large, max-video-preview:-1\" \/>\n<link rel=\"canonical\" href=\"https:\/\/acass.com\/fr\/\" \/>\n<meta property=\"og:locale\" content=\"fr_FR\" \/>\n<meta property=\"og:type\" content=\"article\" \/>\n<meta property=\"og:title\" content=\"ACASS - Own Your Journey\u00ae\" \/>\n<meta property=\"og:description\" content=\"Les experts en aviation d&#039;affaires. Vous pouvez compter sur l&#039;exp\u00e9rience in\u00e9gal\u00e9e et le savoir-faire d&#039;ACASS pour vous guider dans tous les aspects de votre parcours en aviation d&#039;affaires. Notre expertise couvre la vente d&#039;avions, la gestion d&#039;avions, la livraison, la mise en service et plus encore. Personne n&#039;est mieux \u00e9quip\u00e9 que nous pour vous guider et vous soutenir \u00e0 chaque \u00e9tape de votre parcours en tant que propri\u00e9taire d&#039;avion.\" \/>\n<meta property=\"og:url\" content=\"https:\/\/acass.com\/fr\/\" \/>\n<meta property=\"og:site_name\" content=\"ACASS\" \/>\n<meta property=\"article:modified_time\" content=\"2025-11-19T18:15:37+00:00\" \/>\n<meta property=\"og:image\" content=\"https:\/\/acass.com\/wp-content\/uploads\/2022\/09\/social.jpg\" \/>\n\t<meta property=\"og:image:width\" content=\"1920\" \/>\n\t<meta property=\"og:image:height\" content=\"1080\" \/>\n\t<meta property=\"og:image:type\" content=\"image\/jpeg\" \/>\n<meta name=\"twitter:card\" content=\"summary_large_image\" \/>\n<script type=\"application\/ld+json\" class=\"yoast-schema-graph\">{\"@context\":\"https:\\\/\\\/schema.org\",\"@graph\":[{\"@type\":\"WebPage\",\"@id\":\"https:\\\/\\\/acass.com\\\/fr\\\/\",\"url\":\"https:\\\/\\\/acass.com\\\/fr\\\/\",\"name\":\"ACASS - Own Your Journey\u00ae\",\"isPartOf\":{\"@id\":\"https:\\\/\\\/acass.com\\\/fr\\\/#website\"},\"primaryImageOfPage\":{\"@id\":\"https:\\\/\\\/acass.com\\\/fr\\\/#primaryimage\"},\"image\":{\"@id\":\"https:\\\/\\\/acass.com\\\/fr\\\/#primaryimage\"},\"thumbnailUrl\":\"https:\\\/\\\/acass.com\\\/wp-content\\\/uploads\\\/2022\\\/09\\\/social.jpg\",\"datePublished\":\"2022-09-06T16:14:42+00:00\",\"dateModified\":\"2025-11-19T18:15:37+00:00\",\"description\":\"Les experts en aviation d'affaires. Vous pouvez compter sur l'exp\u00e9rience in\u00e9gal\u00e9e et le savoir-faire d'ACASS pour vous guider dans tous les aspects de votre parcours en aviation d'affaires. Notre expertise couvre la vente d'avions, la gestion d'avions, la livraison, la mise en service et plus encore. Personne n'est mieux \u00e9quip\u00e9 que nous pour vous guider et vous soutenir \u00e0 chaque \u00e9tape de votre parcours en tant que propri\u00e9taire d'avion.\",\"breadcrumb\":{\"@id\":\"https:\\\/\\\/acass.com\\\/fr\\\/#breadcrumb\"},\"inLanguage\":\"fr-FR\",\"potentialAction\":[{\"@type\":\"ReadAction\",\"target\":[\"https:\\\/\\\/acass.com\\\/fr\\\/\"]}]},{\"@type\":\"ImageObject\",\"inLanguage\":\"fr-FR\",\"@id\":\"https:\\\/\\\/acass.com\\\/fr\\\/#primaryimage\",\"url\":\"https:\\\/\\\/acass.com\\\/wp-content\\\/uploads\\\/2022\\\/09\\\/social.jpg\",\"contentUrl\":\"https:\\\/\\\/acass.com\\\/wp-content\\\/uploads\\\/2022\\\/09\\\/social.jpg\",\"width\":1920,\"height\":1080},{\"@type\":\"BreadcrumbList\",\"@id\":\"https:\\\/\\\/acass.com\\\/fr\\\/#breadcrumb\",\"itemListElement\":[{\"@type\":\"ListItem\",\"position\":1,\"name\":\"Home\",\"item\":\"https:\\\/\\\/acass.com\\\/fr\\\/\"},{\"@type\":\"ListItem\",\"position\":2,\"name\":\"Accueil\"}]},{\"@type\":\"WebSite\",\"@id\":\"https:\\\/\\\/acass.com\\\/fr\\\/#website\",\"url\":\"https:\\\/\\\/acass.com\\\/fr\\\/\",\"name\":\"ACASS\",\"description\":\"Own Your Journey\u00ae\",\"publisher\":{\"@id\":\"https:\\\/\\\/acass.com\\\/fr\\\/#organization\"},\"potentialAction\":[{\"@type\":\"SearchAction\",\"target\":{\"@type\":\"EntryPoint\",\"urlTemplate\":\"https:\\\/\\\/acass.com\\\/fr\\\/?s={search_term_string}\"},\"query-input\":{\"@type\":\"PropertyValueSpecification\",\"valueRequired\":true,\"valueName\":\"search_term_string\"}}],\"inLanguage\":\"fr-FR\"},{\"@type\":\"Organization\",\"@id\":\"https:\\\/\\\/acass.com\\\/fr\\\/#organization\",\"name\":\"ACASS\",\"url\":\"https:\\\/\\\/acass.com\\\/fr\\\/\",\"logo\":{\"@type\":\"ImageObject\",\"inLanguage\":\"fr-FR\",\"@id\":\"https:\\\/\\\/acass.com\\\/fr\\\/#\\\/schema\\\/logo\\\/image\\\/\",\"url\":\"https:\\\/\\\/acass.com\\\/wp-content\\\/uploads\\\/2022\\\/09\\\/social.jpg\",\"contentUrl\":\"https:\\\/\\\/acass.com\\\/wp-content\\\/uploads\\\/2022\\\/09\\\/social.jpg\",\"width\":1920,\"height\":1080,\"caption\":\"ACASS\"},\"image\":{\"@id\":\"https:\\\/\\\/acass.com\\\/fr\\\/#\\\/schema\\\/logo\\\/image\\\/\"}}]}<\/script>\n<!-- \/ Yoast SEO plugin. -->","yoast_head_json":{"title":"ACASS - Own Your Journey\u00ae","description":"Les experts en aviation d'affaires. Vous pouvez compter sur l'exp\u00e9rience in\u00e9gal\u00e9e et le savoir-faire d'ACASS pour vous guider dans tous les aspects de votre parcours en aviation d'affaires. Notre expertise couvre la vente d'avions, la gestion d'avions, la livraison, la mise en service et plus encore. Personne n'est mieux \u00e9quip\u00e9 que nous pour vous guider et vous soutenir \u00e0 chaque \u00e9tape de votre parcours en tant que propri\u00e9taire d'avion.","robots":{"index":"index","follow":"follow","max-snippet":"max-snippet:-1","max-image-preview":"max-image-preview:large","max-video-preview":"max-video-preview:-1"},"canonical":"https:\/\/acass.com\/fr\/","og_locale":"fr_FR","og_type":"article","og_title":"ACASS - Own Your Journey\u00ae","og_description":"Les experts en aviation d'affaires. Vous pouvez compter sur l'exp\u00e9rience in\u00e9gal\u00e9e et le savoir-faire d'ACASS pour vous guider dans tous les aspects de votre parcours en aviation d'affaires. Notre expertise couvre la vente d'avions, la gestion d'avions, la livraison, la mise en service et plus encore. Personne n'est mieux \u00e9quip\u00e9 que nous pour vous guider et vous soutenir \u00e0 chaque \u00e9tape de votre parcours en tant que propri\u00e9taire d'avion.","og_url":"https:\/\/acass.com\/fr\/","og_site_name":"ACASS","article_modified_time":"2025-11-19T18:15:37+00:00","og_image":[{"width":1920,"height":1080,"url":"https:\/\/acass.com\/wp-content\/uploads\/2022\/09\/social.jpg","type":"image\/jpeg"}],"twitter_card":"summary_large_image","schema":{"@context":"https:\/\/schema.org","@graph":[{"@type":"WebPage","@id":"https:\/\/acass.com\/fr\/","url":"https:\/\/acass.com\/fr\/","name":"ACASS - Own Your Journey\u00ae","isPartOf":{"@id":"https:\/\/acass.com\/fr\/#website"},"primaryImageOfPage":{"@id":"https:\/\/acass.com\/fr\/#primaryimage"},"image":{"@id":"https:\/\/acass.com\/fr\/#primaryimage"},"thumbnailUrl":"https:\/\/acass.com\/wp-content\/uploads\/2022\/09\/social.jpg","datePublished":"2022-09-06T16:14:42+00:00","dateModified":"2025-11-19T18:15:37+00:00","description":"Les experts en aviation d'affaires. Vous pouvez compter sur l'exp\u00e9rience in\u00e9gal\u00e9e et le savoir-faire d'ACASS pour vous guider dans tous les aspects de votre parcours en aviation d'affaires. Notre expertise couvre la vente d'avions, la gestion d'avions, la livraison, la mise en service et plus encore. Personne n'est mieux \u00e9quip\u00e9 que nous pour vous guider et vous soutenir \u00e0 chaque \u00e9tape de votre parcours en tant que propri\u00e9taire d'avion.","breadcrumb":{"@id":"https:\/\/acass.com\/fr\/#breadcrumb"},"inLanguage":"fr-FR","potentialAction":[{"@type":"ReadAction","target":["https:\/\/acass.com\/fr\/"]}]},{"@type":"ImageObject","inLanguage":"fr-FR","@id":"https:\/\/acass.com\/fr\/#primaryimage","url":"https:\/\/acass.com\/wp-content\/uploads\/2022\/09\/social.jpg","contentUrl":"https:\/\/acass.com\/wp-content\/uploads\/2022\/09\/social.jpg","width":1920,"height":1080},{"@type":"BreadcrumbList","@id":"https:\/\/acass.com\/fr\/#breadcrumb","itemListElement":[{"@type":"ListItem","position":1,"name":"Home","item":"https:\/\/acass.com\/fr\/"},{"@type":"ListItem","position":2,"name":"Accueil"}]},{"@type":"WebSite","@id":"https:\/\/acass.com\/fr\/#website","url":"https:\/\/acass.com\/fr\/","name":"ACASS","description":"Own Your Journey\u00ae","publisher":{"@id":"https:\/\/acass.com\/fr\/#organization"},"potentialAction":[{"@type":"SearchAction","target":{"@type":"EntryPoint","urlTemplate":"https:\/\/acass.com\/fr\/?s={search_term_string}"},"query-input":{"@type":"PropertyValueSpecification","valueRequired":true,"valueName":"search_term_string"}}],"inLanguage":"fr-FR"},{"@type":"Organization","@id":"https:\/\/acass.com\/fr\/#organization","name":"ACASS","url":"https:\/\/acass.com\/fr\/","logo":{"@type":"ImageObject","inLanguage":"fr-FR","@id":"https:\/\/acass.com\/fr\/#\/schema\/logo\/image\/","url":"https:\/\/acass.com\/wp-content\/uploads\/2022\/09\/social.jpg","contentUrl":"https:\/\/acass.com\/wp-content\/uploads\/2022\/09\/social.jpg","width":1920,"height":1080,"caption":"ACASS"},"image":{"@id":"https:\/\/acass.com\/fr\/#\/schema\/logo\/image\/"}}]}},"_links":{"self":[{"href":"https:\/\/acass.com\/fr\/wp-json\/wp\/v2\/pages\/2968","targetHints":{"allow":["GET"]}}],"collection":[{"href":"https:\/\/acass.com\/fr\/wp-json\/wp\/v2\/pages"}],"about":[{"href":"https:\/\/acass.com\/fr\/wp-json\/wp\/v2\/types\/page"}],"author":[{"embeddable":true,"href":"https:\/\/acass.com\/fr\/wp-json\/wp\/v2\/users\/1"}],"replies":[{"embeddable":true,"href":"https:\/\/acass.com\/fr\/wp-json\/wp\/v2\/comments?post=2968"}],"version-history":[{"count":34,"href":"https:\/\/acass.com\/fr\/wp-json\/wp\/v2\/pages\/2968\/revisions"}],"predecessor-version":[{"id":8214,"href":"https:\/\/acass.com\/fr\/wp-json\/wp\/v2\/pages\/2968\/revisions\/8214"}],"wp:featuredmedia":[{"embeddable":true,"href":"https:\/\/acass.com\/fr\/wp-json\/wp\/v2\/media\/3138"}],"wp:attachment":[{"href":"https:\/\/acass.com\/fr\/wp-json\/wp\/v2\/media?parent=2968"}],"curies":[{"name":"wp","href":"https:\/\/api.w.org\/{rel}","templated":true}]}}