{"id":2978,"date":"2022-09-06T12:37:51","date_gmt":"2022-09-06T16:37:51","guid":{"rendered":"https:\/\/acass.com\/consultative-aircraft-sales-and-acquisitions-copy\/"},"modified":"2026-02-17T11:38:26","modified_gmt":"2026-02-17T16:38:26","slug":"services-conseils-en-vente-et-achat-davions","status":"publish","type":"page","link":"https:\/\/acass.com\/fr\/services-conseils-en-vente-et-achat-davions\/","title":{"rendered":"Services-conseils en vente et achat d&rsquo;avions"},"content":{"rendered":"","protected":false},"excerpt":{"rendered":"","protected":false},"author":1,"featured_media":3138,"parent":0,"menu_order":0,"comment_status":"closed","ping_status":"closed","template":"page--consultativeAircraftSalesAcquisitions.php","meta":{"_acf_changed":false,"footnotes":"","_links_to":"","_links_to_target":""},"class_list":["post-2978","page","type-page","status-publish","has-post-thumbnail","hentry"],"acf":[],"yoast_head":"<!-- This site is optimized with the Yoast SEO plugin v26.9 - https:\/\/yoast.com\/product\/yoast-seo-wordpress\/ -->\n<title>Services-conseils en vente et achat d&#039;avions | ACASS - Own Your Journey\u00ae<\/title>\n<meta name=\"description\" content=\"Conseil en ventes et acquisitions d&#039;avion. Les ventes et les acquisitions de jets priv\u00e9s sont une question d&#039;intelligence - les informations, la perspicacit\u00e9 et les conseils dont vous avez besoin pour faire les bons choix au bon moment. Depuis 1994, nous r\u00e9pondons aux besoins de propri\u00e9taires de jets d&#039;affaires avis\u00e9s dans le monde entier, tout en accumulant et en partageant des informations pr\u00e9cieuses.\" \/>\n<meta name=\"robots\" content=\"index, follow, max-snippet:-1, max-image-preview:large, max-video-preview:-1\" \/>\n<link rel=\"canonical\" href=\"https:\/\/acass.com\/fr\/services-conseils-en-vente-et-achat-davions\/\" \/>\n<meta property=\"og:locale\" content=\"fr_FR\" \/>\n<meta property=\"og:type\" content=\"article\" \/>\n<meta property=\"og:title\" content=\"Services-conseils en vente et achat d&#039;avions | ACASS - Own Your Journey\u00ae\" \/>\n<meta property=\"og:description\" content=\"Conseil en ventes et acquisitions d&#039;avion. Les ventes et les acquisitions de jets priv\u00e9s sont une question d&#039;intelligence - les informations, la perspicacit\u00e9 et les conseils dont vous avez besoin pour faire les bons choix au bon moment. Depuis 1994, nous r\u00e9pondons aux besoins de propri\u00e9taires de jets d&#039;affaires avis\u00e9s dans le monde entier, tout en accumulant et en partageant des informations pr\u00e9cieuses.\" \/>\n<meta property=\"og:url\" content=\"https:\/\/acass.com\/fr\/services-conseils-en-vente-et-achat-davions\/\" \/>\n<meta property=\"og:site_name\" content=\"ACASS\" \/>\n<meta property=\"article:modified_time\" content=\"2026-02-17T16:38:26+00:00\" \/>\n<meta property=\"og:image\" content=\"https:\/\/acass.com\/wp-content\/uploads\/2022\/09\/social.jpg\" \/>\n\t<meta property=\"og:image:width\" content=\"1920\" \/>\n\t<meta property=\"og:image:height\" content=\"1080\" \/>\n\t<meta property=\"og:image:type\" content=\"image\/jpeg\" \/>\n<meta name=\"twitter:card\" content=\"summary_large_image\" \/>\n<script type=\"application\/ld+json\" class=\"yoast-schema-graph\">{\"@context\":\"https:\/\/schema.org\",\"@graph\":[{\"@type\":\"WebPage\",\"@id\":\"https:\/\/acass.com\/fr\/services-conseils-en-vente-et-achat-davions\/\",\"url\":\"https:\/\/acass.com\/fr\/services-conseils-en-vente-et-achat-davions\/\",\"name\":\"Services-conseils en vente et achat d'avions | ACASS - Own Your Journey\u00ae\",\"isPartOf\":{\"@id\":\"https:\/\/acass.com\/fr\/#website\"},\"primaryImageOfPage\":{\"@id\":\"https:\/\/acass.com\/fr\/services-conseils-en-vente-et-achat-davions\/#primaryimage\"},\"image\":{\"@id\":\"https:\/\/acass.com\/fr\/services-conseils-en-vente-et-achat-davions\/#primaryimage\"},\"thumbnailUrl\":\"https:\/\/acass.com\/wp-content\/uploads\/2022\/09\/social.jpg\",\"datePublished\":\"2022-09-06T16:37:51+00:00\",\"dateModified\":\"2026-02-17T16:38:26+00:00\",\"description\":\"Conseil en ventes et acquisitions d'avion. Les ventes et les acquisitions de jets priv\u00e9s sont une question d'intelligence - les informations, la perspicacit\u00e9 et les conseils dont vous avez besoin pour faire les bons choix au bon moment. Depuis 1994, nous r\u00e9pondons aux besoins de propri\u00e9taires de jets d'affaires avis\u00e9s dans le monde entier, tout en accumulant et en partageant des informations pr\u00e9cieuses.\",\"breadcrumb\":{\"@id\":\"https:\/\/acass.com\/fr\/services-conseils-en-vente-et-achat-davions\/#breadcrumb\"},\"inLanguage\":\"fr-FR\",\"potentialAction\":[{\"@type\":\"ReadAction\",\"target\":[\"https:\/\/acass.com\/fr\/services-conseils-en-vente-et-achat-davions\/\"]}]},{\"@type\":\"ImageObject\",\"inLanguage\":\"fr-FR\",\"@id\":\"https:\/\/acass.com\/fr\/services-conseils-en-vente-et-achat-davions\/#primaryimage\",\"url\":\"https:\/\/acass.com\/wp-content\/uploads\/2022\/09\/social.jpg\",\"contentUrl\":\"https:\/\/acass.com\/wp-content\/uploads\/2022\/09\/social.jpg\",\"width\":1920,\"height\":1080},{\"@type\":\"BreadcrumbList\",\"@id\":\"https:\/\/acass.com\/fr\/services-conseils-en-vente-et-achat-davions\/#breadcrumb\",\"itemListElement\":[{\"@type\":\"ListItem\",\"position\":1,\"name\":\"Home\",\"item\":\"https:\/\/acass.com\/fr\/\"},{\"@type\":\"ListItem\",\"position\":2,\"name\":\"Services-conseils en vente et achat d&#8217;avions\"}]},{\"@type\":\"WebSite\",\"@id\":\"https:\/\/acass.com\/fr\/#website\",\"url\":\"https:\/\/acass.com\/fr\/\",\"name\":\"ACASS\",\"description\":\"Own Your Journey\u00ae\",\"publisher\":{\"@id\":\"https:\/\/acass.com\/fr\/#organization\"},\"potentialAction\":[{\"@type\":\"SearchAction\",\"target\":{\"@type\":\"EntryPoint\",\"urlTemplate\":\"https:\/\/acass.com\/fr\/?s={search_term_string}\"},\"query-input\":{\"@type\":\"PropertyValueSpecification\",\"valueRequired\":true,\"valueName\":\"search_term_string\"}}],\"inLanguage\":\"fr-FR\"},{\"@type\":\"Organization\",\"@id\":\"https:\/\/acass.com\/fr\/#organization\",\"name\":\"ACASS\",\"url\":\"https:\/\/acass.com\/fr\/\",\"logo\":{\"@type\":\"ImageObject\",\"inLanguage\":\"fr-FR\",\"@id\":\"https:\/\/acass.com\/fr\/#\/schema\/logo\/image\/\",\"url\":\"https:\/\/acass.com\/wp-content\/uploads\/2022\/09\/social.jpg\",\"contentUrl\":\"https:\/\/acass.com\/wp-content\/uploads\/2022\/09\/social.jpg\",\"width\":1920,\"height\":1080,\"caption\":\"ACASS\"},\"image\":{\"@id\":\"https:\/\/acass.com\/fr\/#\/schema\/logo\/image\/\"}}]}<\/script>\n<!-- \/ Yoast SEO plugin. -->","yoast_head_json":{"title":"Services-conseils en vente et achat d'avions | ACASS - Own Your Journey\u00ae","description":"Conseil en ventes et acquisitions d'avion. Les ventes et les acquisitions de jets priv\u00e9s sont une question d'intelligence - les informations, la perspicacit\u00e9 et les conseils dont vous avez besoin pour faire les bons choix au bon moment. Depuis 1994, nous r\u00e9pondons aux besoins de propri\u00e9taires de jets d'affaires avis\u00e9s dans le monde entier, tout en accumulant et en partageant des informations pr\u00e9cieuses.","robots":{"index":"index","follow":"follow","max-snippet":"max-snippet:-1","max-image-preview":"max-image-preview:large","max-video-preview":"max-video-preview:-1"},"canonical":"https:\/\/acass.com\/fr\/services-conseils-en-vente-et-achat-davions\/","og_locale":"fr_FR","og_type":"article","og_title":"Services-conseils en vente et achat d'avions | ACASS - Own Your Journey\u00ae","og_description":"Conseil en ventes et acquisitions d'avion. Les ventes et les acquisitions de jets priv\u00e9s sont une question d'intelligence - les informations, la perspicacit\u00e9 et les conseils dont vous avez besoin pour faire les bons choix au bon moment. Depuis 1994, nous r\u00e9pondons aux besoins de propri\u00e9taires de jets d'affaires avis\u00e9s dans le monde entier, tout en accumulant et en partageant des informations pr\u00e9cieuses.","og_url":"https:\/\/acass.com\/fr\/services-conseils-en-vente-et-achat-davions\/","og_site_name":"ACASS","article_modified_time":"2026-02-17T16:38:26+00:00","og_image":[{"width":1920,"height":1080,"url":"https:\/\/acass.com\/wp-content\/uploads\/2022\/09\/social.jpg","type":"image\/jpeg"}],"twitter_card":"summary_large_image","schema":{"@context":"https:\/\/schema.org","@graph":[{"@type":"WebPage","@id":"https:\/\/acass.com\/fr\/services-conseils-en-vente-et-achat-davions\/","url":"https:\/\/acass.com\/fr\/services-conseils-en-vente-et-achat-davions\/","name":"Services-conseils en vente et achat d'avions | ACASS - Own Your Journey\u00ae","isPartOf":{"@id":"https:\/\/acass.com\/fr\/#website"},"primaryImageOfPage":{"@id":"https:\/\/acass.com\/fr\/services-conseils-en-vente-et-achat-davions\/#primaryimage"},"image":{"@id":"https:\/\/acass.com\/fr\/services-conseils-en-vente-et-achat-davions\/#primaryimage"},"thumbnailUrl":"https:\/\/acass.com\/wp-content\/uploads\/2022\/09\/social.jpg","datePublished":"2022-09-06T16:37:51+00:00","dateModified":"2026-02-17T16:38:26+00:00","description":"Conseil en ventes et acquisitions d'avion. Les ventes et les acquisitions de jets priv\u00e9s sont une question d'intelligence - les informations, la perspicacit\u00e9 et les conseils dont vous avez besoin pour faire les bons choix au bon moment. Depuis 1994, nous r\u00e9pondons aux besoins de propri\u00e9taires de jets d'affaires avis\u00e9s dans le monde entier, tout en accumulant et en partageant des informations pr\u00e9cieuses.","breadcrumb":{"@id":"https:\/\/acass.com\/fr\/services-conseils-en-vente-et-achat-davions\/#breadcrumb"},"inLanguage":"fr-FR","potentialAction":[{"@type":"ReadAction","target":["https:\/\/acass.com\/fr\/services-conseils-en-vente-et-achat-davions\/"]}]},{"@type":"ImageObject","inLanguage":"fr-FR","@id":"https:\/\/acass.com\/fr\/services-conseils-en-vente-et-achat-davions\/#primaryimage","url":"https:\/\/acass.com\/wp-content\/uploads\/2022\/09\/social.jpg","contentUrl":"https:\/\/acass.com\/wp-content\/uploads\/2022\/09\/social.jpg","width":1920,"height":1080},{"@type":"BreadcrumbList","@id":"https:\/\/acass.com\/fr\/services-conseils-en-vente-et-achat-davions\/#breadcrumb","itemListElement":[{"@type":"ListItem","position":1,"name":"Home","item":"https:\/\/acass.com\/fr\/"},{"@type":"ListItem","position":2,"name":"Services-conseils en vente et achat d&#8217;avions"}]},{"@type":"WebSite","@id":"https:\/\/acass.com\/fr\/#website","url":"https:\/\/acass.com\/fr\/","name":"ACASS","description":"Own Your Journey\u00ae","publisher":{"@id":"https:\/\/acass.com\/fr\/#organization"},"potentialAction":[{"@type":"SearchAction","target":{"@type":"EntryPoint","urlTemplate":"https:\/\/acass.com\/fr\/?s={search_term_string}"},"query-input":{"@type":"PropertyValueSpecification","valueRequired":true,"valueName":"search_term_string"}}],"inLanguage":"fr-FR"},{"@type":"Organization","@id":"https:\/\/acass.com\/fr\/#organization","name":"ACASS","url":"https:\/\/acass.com\/fr\/","logo":{"@type":"ImageObject","inLanguage":"fr-FR","@id":"https:\/\/acass.com\/fr\/#\/schema\/logo\/image\/","url":"https:\/\/acass.com\/wp-content\/uploads\/2022\/09\/social.jpg","contentUrl":"https:\/\/acass.com\/wp-content\/uploads\/2022\/09\/social.jpg","width":1920,"height":1080,"caption":"ACASS"},"image":{"@id":"https:\/\/acass.com\/fr\/#\/schema\/logo\/image\/"}}]}},"_links":{"self":[{"href":"https:\/\/acass.com\/fr\/wp-json\/wp\/v2\/pages\/2978","targetHints":{"allow":["GET"]}}],"collection":[{"href":"https:\/\/acass.com\/fr\/wp-json\/wp\/v2\/pages"}],"about":[{"href":"https:\/\/acass.com\/fr\/wp-json\/wp\/v2\/types\/page"}],"author":[{"embeddable":true,"href":"https:\/\/acass.com\/fr\/wp-json\/wp\/v2\/users\/1"}],"replies":[{"embeddable":true,"href":"https:\/\/acass.com\/fr\/wp-json\/wp\/v2\/comments?post=2978"}],"version-history":[{"count":38,"href":"https:\/\/acass.com\/fr\/wp-json\/wp\/v2\/pages\/2978\/revisions"}],"predecessor-version":[{"id":8407,"href":"https:\/\/acass.com\/fr\/wp-json\/wp\/v2\/pages\/2978\/revisions\/8407"}],"wp:featuredmedia":[{"embeddable":true,"href":"https:\/\/acass.com\/fr\/wp-json\/wp\/v2\/media\/3138"}],"wp:attachment":[{"href":"https:\/\/acass.com\/fr\/wp-json\/wp\/v2\/media?parent=2978"}],"curies":[{"name":"wp","href":"https:\/\/api.w.org\/{rel}","templated":true}]}}