{"id":3001,"date":"2022-09-06T13:42:55","date_gmt":"2022-09-06T17:42:55","guid":{"rendered":"https:\/\/acass.com\/looking-for-crew-copy\/"},"modified":"2026-02-17T10:42:11","modified_gmt":"2026-02-17T15:42:11","slug":"vous-cherchez-dequipages-de-vol","status":"publish","type":"page","link":"https:\/\/acass.com\/fr\/vous-cherchez-dequipages-de-vol\/","title":{"rendered":"A la recherche d&rsquo;\u00e9quipage de vol ?"},"content":{"rendered":"","protected":false},"excerpt":{"rendered":"","protected":false},"author":1,"featured_media":3138,"parent":0,"menu_order":0,"comment_status":"closed","ping_status":"closed","template":"page--lookingForCrew.php","meta":{"_acf_changed":false,"footnotes":"","_links_to":"","_links_to_target":""},"class_list":["post-3001","page","type-page","status-publish","has-post-thumbnail","hentry"],"acf":[],"yoast_head":"<!-- This site is optimized with the Yoast SEO plugin v27.3 - https:\/\/yoast.com\/product\/yoast-seo-wordpress\/ -->\n<title>A la recherche d&#039;\u00e9quipage de vol ? | ACASS - Own Your Journey\u00ae<\/title>\n<meta name=\"description\" content=\"Avec sa vaste base de donn\u00e9es exclusive, un quart de si\u00e8cle d\u2019exp\u00e9rience et une multitude de ressources \u00e0 l\u2019\u00e9chelle internationale, ACASS est positionn\u00e9e de fa\u00e7on unique pour composer, fournir et g\u00e9rer l\u2019\u00e9quipage dont vous avez besoin. Nous recherchons des pilotes, des agents de bord et des ing\u00e9nieurs pr\u00e9sentant un profil appropri\u00e9, v\u00e9rifions leurs qualifications et les embauchons afin de pourvoir des postes \u00e0 forfait, \u00e0 temps partiel et permanents. Nous endossons aussi la responsabilit\u00e9 des obligations de gestion des \u00e9quipages qui compromettent les \u00e9ch\u00e9anciers, la s\u00e9curit\u00e9 et les budgets.\" \/>\n<meta name=\"robots\" content=\"index, follow, max-snippet:-1, max-image-preview:large, max-video-preview:-1\" \/>\n<link rel=\"canonical\" href=\"https:\/\/acass.com\/fr\/vous-cherchez-dequipages-de-vol\/\" \/>\n<meta property=\"og:locale\" content=\"fr_FR\" \/>\n<meta property=\"og:type\" content=\"article\" \/>\n<meta property=\"og:title\" content=\"A la recherche d&#039;\u00e9quipage de vol ? | ACASS - Own Your Journey\u00ae\" \/>\n<meta property=\"og:description\" content=\"Avec sa vaste base de donn\u00e9es exclusive, un quart de si\u00e8cle d\u2019exp\u00e9rience et une multitude de ressources \u00e0 l\u2019\u00e9chelle internationale, ACASS est positionn\u00e9e de fa\u00e7on unique pour composer, fournir et g\u00e9rer l\u2019\u00e9quipage dont vous avez besoin. Nous recherchons des pilotes, des agents de bord et des ing\u00e9nieurs pr\u00e9sentant un profil appropri\u00e9, v\u00e9rifions leurs qualifications et les embauchons afin de pourvoir des postes \u00e0 forfait, \u00e0 temps partiel et permanents. Nous endossons aussi la responsabilit\u00e9 des obligations de gestion des \u00e9quipages qui compromettent les \u00e9ch\u00e9anciers, la s\u00e9curit\u00e9 et les budgets.\" \/>\n<meta property=\"og:url\" content=\"https:\/\/acass.com\/fr\/vous-cherchez-dequipages-de-vol\/\" \/>\n<meta property=\"og:site_name\" content=\"ACASS\" \/>\n<meta property=\"article:modified_time\" content=\"2026-02-17T15:42:11+00:00\" \/>\n<meta property=\"og:image\" content=\"https:\/\/acass.com\/wp-content\/uploads\/2022\/09\/social.jpg\" \/>\n\t<meta property=\"og:image:width\" content=\"1920\" \/>\n\t<meta property=\"og:image:height\" content=\"1080\" \/>\n\t<meta property=\"og:image:type\" content=\"image\/jpeg\" \/>\n<meta name=\"twitter:card\" content=\"summary_large_image\" \/>\n<script type=\"application\/ld+json\" class=\"yoast-schema-graph\">{\"@context\":\"https:\\\/\\\/schema.org\",\"@graph\":[{\"@type\":\"WebPage\",\"@id\":\"https:\\\/\\\/acass.com\\\/fr\\\/vous-cherchez-dequipages-de-vol\\\/\",\"url\":\"https:\\\/\\\/acass.com\\\/fr\\\/vous-cherchez-dequipages-de-vol\\\/\",\"name\":\"A la recherche d'\u00e9quipage de vol ? | ACASS - Own Your Journey\u00ae\",\"isPartOf\":{\"@id\":\"https:\\\/\\\/acass.com\\\/fr\\\/#website\"},\"primaryImageOfPage\":{\"@id\":\"https:\\\/\\\/acass.com\\\/fr\\\/vous-cherchez-dequipages-de-vol\\\/#primaryimage\"},\"image\":{\"@id\":\"https:\\\/\\\/acass.com\\\/fr\\\/vous-cherchez-dequipages-de-vol\\\/#primaryimage\"},\"thumbnailUrl\":\"https:\\\/\\\/acass.com\\\/wp-content\\\/uploads\\\/2022\\\/09\\\/social.jpg\",\"datePublished\":\"2022-09-06T17:42:55+00:00\",\"dateModified\":\"2026-02-17T15:42:11+00:00\",\"description\":\"Avec sa vaste base de donn\u00e9es exclusive, un quart de si\u00e8cle d\u2019exp\u00e9rience et une multitude de ressources \u00e0 l\u2019\u00e9chelle internationale, ACASS est positionn\u00e9e de fa\u00e7on unique pour composer, fournir et g\u00e9rer l\u2019\u00e9quipage dont vous avez besoin. Nous recherchons des pilotes, des agents de bord et des ing\u00e9nieurs pr\u00e9sentant un profil appropri\u00e9, v\u00e9rifions leurs qualifications et les embauchons afin de pourvoir des postes \u00e0 forfait, \u00e0 temps partiel et permanents. Nous endossons aussi la responsabilit\u00e9 des obligations de gestion des \u00e9quipages qui compromettent les \u00e9ch\u00e9anciers, la s\u00e9curit\u00e9 et les budgets.\",\"breadcrumb\":{\"@id\":\"https:\\\/\\\/acass.com\\\/fr\\\/vous-cherchez-dequipages-de-vol\\\/#breadcrumb\"},\"inLanguage\":\"fr-FR\",\"potentialAction\":[{\"@type\":\"ReadAction\",\"target\":[\"https:\\\/\\\/acass.com\\\/fr\\\/vous-cherchez-dequipages-de-vol\\\/\"]}]},{\"@type\":\"ImageObject\",\"inLanguage\":\"fr-FR\",\"@id\":\"https:\\\/\\\/acass.com\\\/fr\\\/vous-cherchez-dequipages-de-vol\\\/#primaryimage\",\"url\":\"https:\\\/\\\/acass.com\\\/wp-content\\\/uploads\\\/2022\\\/09\\\/social.jpg\",\"contentUrl\":\"https:\\\/\\\/acass.com\\\/wp-content\\\/uploads\\\/2022\\\/09\\\/social.jpg\",\"width\":1920,\"height\":1080},{\"@type\":\"BreadcrumbList\",\"@id\":\"https:\\\/\\\/acass.com\\\/fr\\\/vous-cherchez-dequipages-de-vol\\\/#breadcrumb\",\"itemListElement\":[{\"@type\":\"ListItem\",\"position\":1,\"name\":\"Home\",\"item\":\"https:\\\/\\\/acass.com\\\/fr\\\/\"},{\"@type\":\"ListItem\",\"position\":2,\"name\":\"A la recherche d&#8217;\u00e9quipage de vol ?\"}]},{\"@type\":\"WebSite\",\"@id\":\"https:\\\/\\\/acass.com\\\/fr\\\/#website\",\"url\":\"https:\\\/\\\/acass.com\\\/fr\\\/\",\"name\":\"ACASS\",\"description\":\"Own Your Journey\u00ae\",\"publisher\":{\"@id\":\"https:\\\/\\\/acass.com\\\/fr\\\/#organization\"},\"potentialAction\":[{\"@type\":\"SearchAction\",\"target\":{\"@type\":\"EntryPoint\",\"urlTemplate\":\"https:\\\/\\\/acass.com\\\/fr\\\/?s={search_term_string}\"},\"query-input\":{\"@type\":\"PropertyValueSpecification\",\"valueRequired\":true,\"valueName\":\"search_term_string\"}}],\"inLanguage\":\"fr-FR\"},{\"@type\":\"Organization\",\"@id\":\"https:\\\/\\\/acass.com\\\/fr\\\/#organization\",\"name\":\"ACASS\",\"url\":\"https:\\\/\\\/acass.com\\\/fr\\\/\",\"logo\":{\"@type\":\"ImageObject\",\"inLanguage\":\"fr-FR\",\"@id\":\"https:\\\/\\\/acass.com\\\/fr\\\/#\\\/schema\\\/logo\\\/image\\\/\",\"url\":\"https:\\\/\\\/acass.com\\\/wp-content\\\/uploads\\\/2022\\\/09\\\/social.jpg\",\"contentUrl\":\"https:\\\/\\\/acass.com\\\/wp-content\\\/uploads\\\/2022\\\/09\\\/social.jpg\",\"width\":1920,\"height\":1080,\"caption\":\"ACASS\"},\"image\":{\"@id\":\"https:\\\/\\\/acass.com\\\/fr\\\/#\\\/schema\\\/logo\\\/image\\\/\"}}]}<\/script>\n<!-- \/ Yoast SEO plugin. -->","yoast_head_json":{"title":"A la recherche d'\u00e9quipage de vol ? | ACASS - Own Your Journey\u00ae","description":"Avec sa vaste base de donn\u00e9es exclusive, un quart de si\u00e8cle d\u2019exp\u00e9rience et une multitude de ressources \u00e0 l\u2019\u00e9chelle internationale, ACASS est positionn\u00e9e de fa\u00e7on unique pour composer, fournir et g\u00e9rer l\u2019\u00e9quipage dont vous avez besoin. Nous recherchons des pilotes, des agents de bord et des ing\u00e9nieurs pr\u00e9sentant un profil appropri\u00e9, v\u00e9rifions leurs qualifications et les embauchons afin de pourvoir des postes \u00e0 forfait, \u00e0 temps partiel et permanents. Nous endossons aussi la responsabilit\u00e9 des obligations de gestion des \u00e9quipages qui compromettent les \u00e9ch\u00e9anciers, la s\u00e9curit\u00e9 et les budgets.","robots":{"index":"index","follow":"follow","max-snippet":"max-snippet:-1","max-image-preview":"max-image-preview:large","max-video-preview":"max-video-preview:-1"},"canonical":"https:\/\/acass.com\/fr\/vous-cherchez-dequipages-de-vol\/","og_locale":"fr_FR","og_type":"article","og_title":"A la recherche d'\u00e9quipage de vol ? | ACASS - Own Your Journey\u00ae","og_description":"Avec sa vaste base de donn\u00e9es exclusive, un quart de si\u00e8cle d\u2019exp\u00e9rience et une multitude de ressources \u00e0 l\u2019\u00e9chelle internationale, ACASS est positionn\u00e9e de fa\u00e7on unique pour composer, fournir et g\u00e9rer l\u2019\u00e9quipage dont vous avez besoin. Nous recherchons des pilotes, des agents de bord et des ing\u00e9nieurs pr\u00e9sentant un profil appropri\u00e9, v\u00e9rifions leurs qualifications et les embauchons afin de pourvoir des postes \u00e0 forfait, \u00e0 temps partiel et permanents. Nous endossons aussi la responsabilit\u00e9 des obligations de gestion des \u00e9quipages qui compromettent les \u00e9ch\u00e9anciers, la s\u00e9curit\u00e9 et les budgets.","og_url":"https:\/\/acass.com\/fr\/vous-cherchez-dequipages-de-vol\/","og_site_name":"ACASS","article_modified_time":"2026-02-17T15:42:11+00:00","og_image":[{"width":1920,"height":1080,"url":"https:\/\/acass.com\/wp-content\/uploads\/2022\/09\/social.jpg","type":"image\/jpeg"}],"twitter_card":"summary_large_image","schema":{"@context":"https:\/\/schema.org","@graph":[{"@type":"WebPage","@id":"https:\/\/acass.com\/fr\/vous-cherchez-dequipages-de-vol\/","url":"https:\/\/acass.com\/fr\/vous-cherchez-dequipages-de-vol\/","name":"A la recherche d'\u00e9quipage de vol ? | ACASS - Own Your Journey\u00ae","isPartOf":{"@id":"https:\/\/acass.com\/fr\/#website"},"primaryImageOfPage":{"@id":"https:\/\/acass.com\/fr\/vous-cherchez-dequipages-de-vol\/#primaryimage"},"image":{"@id":"https:\/\/acass.com\/fr\/vous-cherchez-dequipages-de-vol\/#primaryimage"},"thumbnailUrl":"https:\/\/acass.com\/wp-content\/uploads\/2022\/09\/social.jpg","datePublished":"2022-09-06T17:42:55+00:00","dateModified":"2026-02-17T15:42:11+00:00","description":"Avec sa vaste base de donn\u00e9es exclusive, un quart de si\u00e8cle d\u2019exp\u00e9rience et une multitude de ressources \u00e0 l\u2019\u00e9chelle internationale, ACASS est positionn\u00e9e de fa\u00e7on unique pour composer, fournir et g\u00e9rer l\u2019\u00e9quipage dont vous avez besoin. Nous recherchons des pilotes, des agents de bord et des ing\u00e9nieurs pr\u00e9sentant un profil appropri\u00e9, v\u00e9rifions leurs qualifications et les embauchons afin de pourvoir des postes \u00e0 forfait, \u00e0 temps partiel et permanents. Nous endossons aussi la responsabilit\u00e9 des obligations de gestion des \u00e9quipages qui compromettent les \u00e9ch\u00e9anciers, la s\u00e9curit\u00e9 et les budgets.","breadcrumb":{"@id":"https:\/\/acass.com\/fr\/vous-cherchez-dequipages-de-vol\/#breadcrumb"},"inLanguage":"fr-FR","potentialAction":[{"@type":"ReadAction","target":["https:\/\/acass.com\/fr\/vous-cherchez-dequipages-de-vol\/"]}]},{"@type":"ImageObject","inLanguage":"fr-FR","@id":"https:\/\/acass.com\/fr\/vous-cherchez-dequipages-de-vol\/#primaryimage","url":"https:\/\/acass.com\/wp-content\/uploads\/2022\/09\/social.jpg","contentUrl":"https:\/\/acass.com\/wp-content\/uploads\/2022\/09\/social.jpg","width":1920,"height":1080},{"@type":"BreadcrumbList","@id":"https:\/\/acass.com\/fr\/vous-cherchez-dequipages-de-vol\/#breadcrumb","itemListElement":[{"@type":"ListItem","position":1,"name":"Home","item":"https:\/\/acass.com\/fr\/"},{"@type":"ListItem","position":2,"name":"A la recherche d&#8217;\u00e9quipage de vol ?"}]},{"@type":"WebSite","@id":"https:\/\/acass.com\/fr\/#website","url":"https:\/\/acass.com\/fr\/","name":"ACASS","description":"Own Your Journey\u00ae","publisher":{"@id":"https:\/\/acass.com\/fr\/#organization"},"potentialAction":[{"@type":"SearchAction","target":{"@type":"EntryPoint","urlTemplate":"https:\/\/acass.com\/fr\/?s={search_term_string}"},"query-input":{"@type":"PropertyValueSpecification","valueRequired":true,"valueName":"search_term_string"}}],"inLanguage":"fr-FR"},{"@type":"Organization","@id":"https:\/\/acass.com\/fr\/#organization","name":"ACASS","url":"https:\/\/acass.com\/fr\/","logo":{"@type":"ImageObject","inLanguage":"fr-FR","@id":"https:\/\/acass.com\/fr\/#\/schema\/logo\/image\/","url":"https:\/\/acass.com\/wp-content\/uploads\/2022\/09\/social.jpg","contentUrl":"https:\/\/acass.com\/wp-content\/uploads\/2022\/09\/social.jpg","width":1920,"height":1080,"caption":"ACASS"},"image":{"@id":"https:\/\/acass.com\/fr\/#\/schema\/logo\/image\/"}}]}},"_links":{"self":[{"href":"https:\/\/acass.com\/fr\/wp-json\/wp\/v2\/pages\/3001","targetHints":{"allow":["GET"]}}],"collection":[{"href":"https:\/\/acass.com\/fr\/wp-json\/wp\/v2\/pages"}],"about":[{"href":"https:\/\/acass.com\/fr\/wp-json\/wp\/v2\/types\/page"}],"author":[{"embeddable":true,"href":"https:\/\/acass.com\/fr\/wp-json\/wp\/v2\/users\/1"}],"replies":[{"embeddable":true,"href":"https:\/\/acass.com\/fr\/wp-json\/wp\/v2\/comments?post=3001"}],"version-history":[{"count":51,"href":"https:\/\/acass.com\/fr\/wp-json\/wp\/v2\/pages\/3001\/revisions"}],"predecessor-version":[{"id":8400,"href":"https:\/\/acass.com\/fr\/wp-json\/wp\/v2\/pages\/3001\/revisions\/8400"}],"wp:featuredmedia":[{"embeddable":true,"href":"https:\/\/acass.com\/fr\/wp-json\/wp\/v2\/media\/3138"}],"wp:attachment":[{"href":"https:\/\/acass.com\/fr\/wp-json\/wp\/v2\/media?parent=3001"}],"curies":[{"name":"wp","href":"https:\/\/api.w.org\/{rel}","templated":true}]}}