{"id":3010,"date":"2022-09-06T14:18:22","date_gmt":"2022-09-06T18:18:22","guid":{"rendered":"https:\/\/acass.com\/looking-for-crew-positions-copy\/"},"modified":"2026-02-17T10:42:51","modified_gmt":"2026-02-17T15:42:51","slug":"vous-cherchez-des-positions-equipages-de-vol","status":"publish","type":"page","link":"https:\/\/acass.com\/fr\/vous-cherchez-des-positions-equipages-de-vol\/","title":{"rendered":"A la recherche de positions en tant que membre d\u2019\u00e9quipage ?"},"content":{"rendered":"","protected":false},"excerpt":{"rendered":"","protected":false},"author":1,"featured_media":3138,"parent":0,"menu_order":0,"comment_status":"closed","ping_status":"closed","template":"page--lookingForCrewPositions.php","meta":{"_acf_changed":false,"footnotes":"","_links_to":"","_links_to_target":""},"class_list":["post-3010","page","type-page","status-publish","has-post-thumbnail","hentry"],"acf":[],"yoast_head":"<!-- This site is optimized with the Yoast SEO plugin v27.3 - https:\/\/yoast.com\/product\/yoast-seo-wordpress\/ -->\n<title>A la recherche de positions en tant que membre d\u2019\u00e9quipage ? | ACASS - Own Your Journey\u00ae<\/title>\n<meta name=\"description\" content=\"Si vous avez les qualifications et le professionnalisme n\u00e9cessaires pour r\u00e9pondre aux besoins de notre client\u00e8le internationale de premier plan, nous avons l&#039;exp\u00e9rience et l&#039;expertise pour trouver le poste qui vous convient.\" \/>\n<meta name=\"robots\" content=\"index, follow, max-snippet:-1, max-image-preview:large, max-video-preview:-1\" \/>\n<link rel=\"canonical\" href=\"https:\/\/acass.com\/fr\/vous-cherchez-des-positions-equipages-de-vol\/\" \/>\n<meta property=\"og:locale\" content=\"fr_FR\" \/>\n<meta property=\"og:type\" content=\"article\" \/>\n<meta property=\"og:title\" content=\"A la recherche de positions en tant que membre d\u2019\u00e9quipage ? | ACASS - Own Your Journey\u00ae\" \/>\n<meta property=\"og:description\" content=\"Si vous avez les qualifications et le professionnalisme n\u00e9cessaires pour r\u00e9pondre aux besoins de notre client\u00e8le internationale de premier plan, nous avons l&#039;exp\u00e9rience et l&#039;expertise pour trouver le poste qui vous convient.\" \/>\n<meta property=\"og:url\" content=\"https:\/\/acass.com\/fr\/vous-cherchez-des-positions-equipages-de-vol\/\" \/>\n<meta property=\"og:site_name\" content=\"ACASS\" \/>\n<meta property=\"article:modified_time\" content=\"2026-02-17T15:42:51+00:00\" \/>\n<meta property=\"og:image\" content=\"https:\/\/acass.com\/wp-content\/uploads\/2022\/09\/social.jpg\" \/>\n\t<meta property=\"og:image:width\" content=\"1920\" \/>\n\t<meta property=\"og:image:height\" content=\"1080\" \/>\n\t<meta property=\"og:image:type\" content=\"image\/jpeg\" \/>\n<meta name=\"twitter:card\" content=\"summary_large_image\" \/>\n<script type=\"application\/ld+json\" class=\"yoast-schema-graph\">{\"@context\":\"https:\\\/\\\/schema.org\",\"@graph\":[{\"@type\":\"WebPage\",\"@id\":\"https:\\\/\\\/acass.com\\\/fr\\\/vous-cherchez-des-positions-equipages-de-vol\\\/\",\"url\":\"https:\\\/\\\/acass.com\\\/fr\\\/vous-cherchez-des-positions-equipages-de-vol\\\/\",\"name\":\"A la recherche de positions en tant que membre d\u2019\u00e9quipage ? | ACASS - Own Your Journey\u00ae\",\"isPartOf\":{\"@id\":\"https:\\\/\\\/acass.com\\\/fr\\\/#website\"},\"primaryImageOfPage\":{\"@id\":\"https:\\\/\\\/acass.com\\\/fr\\\/vous-cherchez-des-positions-equipages-de-vol\\\/#primaryimage\"},\"image\":{\"@id\":\"https:\\\/\\\/acass.com\\\/fr\\\/vous-cherchez-des-positions-equipages-de-vol\\\/#primaryimage\"},\"thumbnailUrl\":\"https:\\\/\\\/acass.com\\\/wp-content\\\/uploads\\\/2022\\\/09\\\/social.jpg\",\"datePublished\":\"2022-09-06T18:18:22+00:00\",\"dateModified\":\"2026-02-17T15:42:51+00:00\",\"description\":\"Si vous avez les qualifications et le professionnalisme n\u00e9cessaires pour r\u00e9pondre aux besoins de notre client\u00e8le internationale de premier plan, nous avons l'exp\u00e9rience et l'expertise pour trouver le poste qui vous convient.\",\"breadcrumb\":{\"@id\":\"https:\\\/\\\/acass.com\\\/fr\\\/vous-cherchez-des-positions-equipages-de-vol\\\/#breadcrumb\"},\"inLanguage\":\"fr-FR\",\"potentialAction\":[{\"@type\":\"ReadAction\",\"target\":[\"https:\\\/\\\/acass.com\\\/fr\\\/vous-cherchez-des-positions-equipages-de-vol\\\/\"]}]},{\"@type\":\"ImageObject\",\"inLanguage\":\"fr-FR\",\"@id\":\"https:\\\/\\\/acass.com\\\/fr\\\/vous-cherchez-des-positions-equipages-de-vol\\\/#primaryimage\",\"url\":\"https:\\\/\\\/acass.com\\\/wp-content\\\/uploads\\\/2022\\\/09\\\/social.jpg\",\"contentUrl\":\"https:\\\/\\\/acass.com\\\/wp-content\\\/uploads\\\/2022\\\/09\\\/social.jpg\",\"width\":1920,\"height\":1080},{\"@type\":\"BreadcrumbList\",\"@id\":\"https:\\\/\\\/acass.com\\\/fr\\\/vous-cherchez-des-positions-equipages-de-vol\\\/#breadcrumb\",\"itemListElement\":[{\"@type\":\"ListItem\",\"position\":1,\"name\":\"Home\",\"item\":\"https:\\\/\\\/acass.com\\\/fr\\\/\"},{\"@type\":\"ListItem\",\"position\":2,\"name\":\"A la recherche de positions en tant que membre d\u2019\u00e9quipage ?\"}]},{\"@type\":\"WebSite\",\"@id\":\"https:\\\/\\\/acass.com\\\/fr\\\/#website\",\"url\":\"https:\\\/\\\/acass.com\\\/fr\\\/\",\"name\":\"ACASS\",\"description\":\"Own Your Journey\u00ae\",\"publisher\":{\"@id\":\"https:\\\/\\\/acass.com\\\/fr\\\/#organization\"},\"potentialAction\":[{\"@type\":\"SearchAction\",\"target\":{\"@type\":\"EntryPoint\",\"urlTemplate\":\"https:\\\/\\\/acass.com\\\/fr\\\/?s={search_term_string}\"},\"query-input\":{\"@type\":\"PropertyValueSpecification\",\"valueRequired\":true,\"valueName\":\"search_term_string\"}}],\"inLanguage\":\"fr-FR\"},{\"@type\":\"Organization\",\"@id\":\"https:\\\/\\\/acass.com\\\/fr\\\/#organization\",\"name\":\"ACASS\",\"url\":\"https:\\\/\\\/acass.com\\\/fr\\\/\",\"logo\":{\"@type\":\"ImageObject\",\"inLanguage\":\"fr-FR\",\"@id\":\"https:\\\/\\\/acass.com\\\/fr\\\/#\\\/schema\\\/logo\\\/image\\\/\",\"url\":\"https:\\\/\\\/acass.com\\\/wp-content\\\/uploads\\\/2022\\\/09\\\/social.jpg\",\"contentUrl\":\"https:\\\/\\\/acass.com\\\/wp-content\\\/uploads\\\/2022\\\/09\\\/social.jpg\",\"width\":1920,\"height\":1080,\"caption\":\"ACASS\"},\"image\":{\"@id\":\"https:\\\/\\\/acass.com\\\/fr\\\/#\\\/schema\\\/logo\\\/image\\\/\"}}]}<\/script>\n<!-- \/ Yoast SEO plugin. -->","yoast_head_json":{"title":"A la recherche de positions en tant que membre d\u2019\u00e9quipage ? | ACASS - Own Your Journey\u00ae","description":"Si vous avez les qualifications et le professionnalisme n\u00e9cessaires pour r\u00e9pondre aux besoins de notre client\u00e8le internationale de premier plan, nous avons l'exp\u00e9rience et l'expertise pour trouver le poste qui vous convient.","robots":{"index":"index","follow":"follow","max-snippet":"max-snippet:-1","max-image-preview":"max-image-preview:large","max-video-preview":"max-video-preview:-1"},"canonical":"https:\/\/acass.com\/fr\/vous-cherchez-des-positions-equipages-de-vol\/","og_locale":"fr_FR","og_type":"article","og_title":"A la recherche de positions en tant que membre d\u2019\u00e9quipage ? | ACASS - Own Your Journey\u00ae","og_description":"Si vous avez les qualifications et le professionnalisme n\u00e9cessaires pour r\u00e9pondre aux besoins de notre client\u00e8le internationale de premier plan, nous avons l'exp\u00e9rience et l'expertise pour trouver le poste qui vous convient.","og_url":"https:\/\/acass.com\/fr\/vous-cherchez-des-positions-equipages-de-vol\/","og_site_name":"ACASS","article_modified_time":"2026-02-17T15:42:51+00:00","og_image":[{"width":1920,"height":1080,"url":"https:\/\/acass.com\/wp-content\/uploads\/2022\/09\/social.jpg","type":"image\/jpeg"}],"twitter_card":"summary_large_image","schema":{"@context":"https:\/\/schema.org","@graph":[{"@type":"WebPage","@id":"https:\/\/acass.com\/fr\/vous-cherchez-des-positions-equipages-de-vol\/","url":"https:\/\/acass.com\/fr\/vous-cherchez-des-positions-equipages-de-vol\/","name":"A la recherche de positions en tant que membre d\u2019\u00e9quipage ? | ACASS - Own Your Journey\u00ae","isPartOf":{"@id":"https:\/\/acass.com\/fr\/#website"},"primaryImageOfPage":{"@id":"https:\/\/acass.com\/fr\/vous-cherchez-des-positions-equipages-de-vol\/#primaryimage"},"image":{"@id":"https:\/\/acass.com\/fr\/vous-cherchez-des-positions-equipages-de-vol\/#primaryimage"},"thumbnailUrl":"https:\/\/acass.com\/wp-content\/uploads\/2022\/09\/social.jpg","datePublished":"2022-09-06T18:18:22+00:00","dateModified":"2026-02-17T15:42:51+00:00","description":"Si vous avez les qualifications et le professionnalisme n\u00e9cessaires pour r\u00e9pondre aux besoins de notre client\u00e8le internationale de premier plan, nous avons l'exp\u00e9rience et l'expertise pour trouver le poste qui vous convient.","breadcrumb":{"@id":"https:\/\/acass.com\/fr\/vous-cherchez-des-positions-equipages-de-vol\/#breadcrumb"},"inLanguage":"fr-FR","potentialAction":[{"@type":"ReadAction","target":["https:\/\/acass.com\/fr\/vous-cherchez-des-positions-equipages-de-vol\/"]}]},{"@type":"ImageObject","inLanguage":"fr-FR","@id":"https:\/\/acass.com\/fr\/vous-cherchez-des-positions-equipages-de-vol\/#primaryimage","url":"https:\/\/acass.com\/wp-content\/uploads\/2022\/09\/social.jpg","contentUrl":"https:\/\/acass.com\/wp-content\/uploads\/2022\/09\/social.jpg","width":1920,"height":1080},{"@type":"BreadcrumbList","@id":"https:\/\/acass.com\/fr\/vous-cherchez-des-positions-equipages-de-vol\/#breadcrumb","itemListElement":[{"@type":"ListItem","position":1,"name":"Home","item":"https:\/\/acass.com\/fr\/"},{"@type":"ListItem","position":2,"name":"A la recherche de positions en tant que membre d\u2019\u00e9quipage ?"}]},{"@type":"WebSite","@id":"https:\/\/acass.com\/fr\/#website","url":"https:\/\/acass.com\/fr\/","name":"ACASS","description":"Own Your Journey\u00ae","publisher":{"@id":"https:\/\/acass.com\/fr\/#organization"},"potentialAction":[{"@type":"SearchAction","target":{"@type":"EntryPoint","urlTemplate":"https:\/\/acass.com\/fr\/?s={search_term_string}"},"query-input":{"@type":"PropertyValueSpecification","valueRequired":true,"valueName":"search_term_string"}}],"inLanguage":"fr-FR"},{"@type":"Organization","@id":"https:\/\/acass.com\/fr\/#organization","name":"ACASS","url":"https:\/\/acass.com\/fr\/","logo":{"@type":"ImageObject","inLanguage":"fr-FR","@id":"https:\/\/acass.com\/fr\/#\/schema\/logo\/image\/","url":"https:\/\/acass.com\/wp-content\/uploads\/2022\/09\/social.jpg","contentUrl":"https:\/\/acass.com\/wp-content\/uploads\/2022\/09\/social.jpg","width":1920,"height":1080,"caption":"ACASS"},"image":{"@id":"https:\/\/acass.com\/fr\/#\/schema\/logo\/image\/"}}]}},"_links":{"self":[{"href":"https:\/\/acass.com\/fr\/wp-json\/wp\/v2\/pages\/3010","targetHints":{"allow":["GET"]}}],"collection":[{"href":"https:\/\/acass.com\/fr\/wp-json\/wp\/v2\/pages"}],"about":[{"href":"https:\/\/acass.com\/fr\/wp-json\/wp\/v2\/types\/page"}],"author":[{"embeddable":true,"href":"https:\/\/acass.com\/fr\/wp-json\/wp\/v2\/users\/1"}],"replies":[{"embeddable":true,"href":"https:\/\/acass.com\/fr\/wp-json\/wp\/v2\/comments?post=3010"}],"version-history":[{"count":24,"href":"https:\/\/acass.com\/fr\/wp-json\/wp\/v2\/pages\/3010\/revisions"}],"predecessor-version":[{"id":8401,"href":"https:\/\/acass.com\/fr\/wp-json\/wp\/v2\/pages\/3010\/revisions\/8401"}],"wp:featuredmedia":[{"embeddable":true,"href":"https:\/\/acass.com\/fr\/wp-json\/wp\/v2\/media\/3138"}],"wp:attachment":[{"href":"https:\/\/acass.com\/fr\/wp-json\/wp\/v2\/media?parent=3010"}],"curies":[{"name":"wp","href":"https:\/\/api.w.org\/{rel}","templated":true}]}}