{"id":3035,"date":"2022-09-06T15:23:56","date_gmt":"2022-09-06T19:23:56","guid":{"rendered":"https:\/\/acass.com\/entry-into-service-copy\/"},"modified":"2026-02-17T11:34:58","modified_gmt":"2026-02-17T16:34:58","slug":"mise-en-service","status":"publish","type":"page","link":"https:\/\/acass.com\/fr\/mise-en-service\/","title":{"rendered":"Mise en service"},"content":{"rendered":"","protected":false},"excerpt":{"rendered":"","protected":false},"author":1,"featured_media":3138,"parent":0,"menu_order":0,"comment_status":"closed","ping_status":"closed","template":"page--entryIntoService.php","meta":{"_acf_changed":false,"footnotes":"","_links_to":"","_links_to_target":""},"class_list":["post-3035","page","type-page","status-publish","has-post-thumbnail","hentry"],"acf":[],"yoast_head":"<!-- This site is optimized with the Yoast SEO plugin v27.3 - https:\/\/yoast.com\/product\/yoast-seo-wordpress\/ -->\n<title>Mise en service d&#039;avion | ACASS - Own Your Journey\u00ae<\/title>\n<meta name=\"description\" content=\"Les services de gestion de l&#039;entr\u00e9e en service (EIS) d&#039;ACASS ont fait leurs preuves et permettent de se d\u00e9barrasser rapidement des t\u00e2ches accablantes et de la complexit\u00e9 de la r\u00e9glementation a\u00e9ronautique pour vous permettre d&#039;entrer dans votre avion le plus rapidement et le plus facilement possible.\" \/>\n<meta name=\"robots\" content=\"index, follow, max-snippet:-1, max-image-preview:large, max-video-preview:-1\" \/>\n<link rel=\"canonical\" href=\"https:\/\/acass.com\/fr\/mise-en-service\/\" \/>\n<meta property=\"og:locale\" content=\"fr_FR\" \/>\n<meta property=\"og:type\" content=\"article\" \/>\n<meta property=\"og:title\" content=\"Mise en service d&#039;avion | ACASS - Own Your Journey\u00ae\" \/>\n<meta property=\"og:description\" content=\"Les services de gestion de l&#039;entr\u00e9e en service (EIS) d&#039;ACASS ont fait leurs preuves et permettent de se d\u00e9barrasser rapidement des t\u00e2ches accablantes et de la complexit\u00e9 de la r\u00e9glementation a\u00e9ronautique pour vous permettre d&#039;entrer dans votre avion le plus rapidement et le plus facilement possible.\" \/>\n<meta property=\"og:url\" content=\"https:\/\/acass.com\/fr\/mise-en-service\/\" \/>\n<meta property=\"og:site_name\" content=\"ACASS\" \/>\n<meta property=\"article:modified_time\" content=\"2026-02-17T16:34:58+00:00\" \/>\n<meta property=\"og:image\" content=\"https:\/\/acass.com\/wp-content\/uploads\/2022\/09\/social.jpg\" \/>\n\t<meta property=\"og:image:width\" content=\"1920\" \/>\n\t<meta property=\"og:image:height\" content=\"1080\" \/>\n\t<meta property=\"og:image:type\" content=\"image\/jpeg\" \/>\n<meta name=\"twitter:card\" content=\"summary_large_image\" \/>\n<script type=\"application\/ld+json\" class=\"yoast-schema-graph\">{\"@context\":\"https:\\\/\\\/schema.org\",\"@graph\":[{\"@type\":\"WebPage\",\"@id\":\"https:\\\/\\\/acass.com\\\/fr\\\/mise-en-service\\\/\",\"url\":\"https:\\\/\\\/acass.com\\\/fr\\\/mise-en-service\\\/\",\"name\":\"Mise en service d'avion | ACASS - Own Your Journey\u00ae\",\"isPartOf\":{\"@id\":\"https:\\\/\\\/acass.com\\\/fr\\\/#website\"},\"primaryImageOfPage\":{\"@id\":\"https:\\\/\\\/acass.com\\\/fr\\\/mise-en-service\\\/#primaryimage\"},\"image\":{\"@id\":\"https:\\\/\\\/acass.com\\\/fr\\\/mise-en-service\\\/#primaryimage\"},\"thumbnailUrl\":\"https:\\\/\\\/acass.com\\\/wp-content\\\/uploads\\\/2022\\\/09\\\/social.jpg\",\"datePublished\":\"2022-09-06T19:23:56+00:00\",\"dateModified\":\"2026-02-17T16:34:58+00:00\",\"description\":\"Les services de gestion de l'entr\u00e9e en service (EIS) d'ACASS ont fait leurs preuves et permettent de se d\u00e9barrasser rapidement des t\u00e2ches accablantes et de la complexit\u00e9 de la r\u00e9glementation a\u00e9ronautique pour vous permettre d'entrer dans votre avion le plus rapidement et le plus facilement possible.\",\"breadcrumb\":{\"@id\":\"https:\\\/\\\/acass.com\\\/fr\\\/mise-en-service\\\/#breadcrumb\"},\"inLanguage\":\"fr-FR\",\"potentialAction\":[{\"@type\":\"ReadAction\",\"target\":[\"https:\\\/\\\/acass.com\\\/fr\\\/mise-en-service\\\/\"]}]},{\"@type\":\"ImageObject\",\"inLanguage\":\"fr-FR\",\"@id\":\"https:\\\/\\\/acass.com\\\/fr\\\/mise-en-service\\\/#primaryimage\",\"url\":\"https:\\\/\\\/acass.com\\\/wp-content\\\/uploads\\\/2022\\\/09\\\/social.jpg\",\"contentUrl\":\"https:\\\/\\\/acass.com\\\/wp-content\\\/uploads\\\/2022\\\/09\\\/social.jpg\",\"width\":1920,\"height\":1080},{\"@type\":\"BreadcrumbList\",\"@id\":\"https:\\\/\\\/acass.com\\\/fr\\\/mise-en-service\\\/#breadcrumb\",\"itemListElement\":[{\"@type\":\"ListItem\",\"position\":1,\"name\":\"Home\",\"item\":\"https:\\\/\\\/acass.com\\\/fr\\\/\"},{\"@type\":\"ListItem\",\"position\":2,\"name\":\"Mise en service\"}]},{\"@type\":\"WebSite\",\"@id\":\"https:\\\/\\\/acass.com\\\/fr\\\/#website\",\"url\":\"https:\\\/\\\/acass.com\\\/fr\\\/\",\"name\":\"ACASS\",\"description\":\"Own Your Journey\u00ae\",\"publisher\":{\"@id\":\"https:\\\/\\\/acass.com\\\/fr\\\/#organization\"},\"potentialAction\":[{\"@type\":\"SearchAction\",\"target\":{\"@type\":\"EntryPoint\",\"urlTemplate\":\"https:\\\/\\\/acass.com\\\/fr\\\/?s={search_term_string}\"},\"query-input\":{\"@type\":\"PropertyValueSpecification\",\"valueRequired\":true,\"valueName\":\"search_term_string\"}}],\"inLanguage\":\"fr-FR\"},{\"@type\":\"Organization\",\"@id\":\"https:\\\/\\\/acass.com\\\/fr\\\/#organization\",\"name\":\"ACASS\",\"url\":\"https:\\\/\\\/acass.com\\\/fr\\\/\",\"logo\":{\"@type\":\"ImageObject\",\"inLanguage\":\"fr-FR\",\"@id\":\"https:\\\/\\\/acass.com\\\/fr\\\/#\\\/schema\\\/logo\\\/image\\\/\",\"url\":\"https:\\\/\\\/acass.com\\\/wp-content\\\/uploads\\\/2022\\\/09\\\/social.jpg\",\"contentUrl\":\"https:\\\/\\\/acass.com\\\/wp-content\\\/uploads\\\/2022\\\/09\\\/social.jpg\",\"width\":1920,\"height\":1080,\"caption\":\"ACASS\"},\"image\":{\"@id\":\"https:\\\/\\\/acass.com\\\/fr\\\/#\\\/schema\\\/logo\\\/image\\\/\"}}]}<\/script>\n<!-- \/ Yoast SEO plugin. -->","yoast_head_json":{"title":"Mise en service d'avion | ACASS - Own Your Journey\u00ae","description":"Les services de gestion de l'entr\u00e9e en service (EIS) d'ACASS ont fait leurs preuves et permettent de se d\u00e9barrasser rapidement des t\u00e2ches accablantes et de la complexit\u00e9 de la r\u00e9glementation a\u00e9ronautique pour vous permettre d'entrer dans votre avion le plus rapidement et le plus facilement possible.","robots":{"index":"index","follow":"follow","max-snippet":"max-snippet:-1","max-image-preview":"max-image-preview:large","max-video-preview":"max-video-preview:-1"},"canonical":"https:\/\/acass.com\/fr\/mise-en-service\/","og_locale":"fr_FR","og_type":"article","og_title":"Mise en service d'avion | ACASS - Own Your Journey\u00ae","og_description":"Les services de gestion de l'entr\u00e9e en service (EIS) d'ACASS ont fait leurs preuves et permettent de se d\u00e9barrasser rapidement des t\u00e2ches accablantes et de la complexit\u00e9 de la r\u00e9glementation a\u00e9ronautique pour vous permettre d'entrer dans votre avion le plus rapidement et le plus facilement possible.","og_url":"https:\/\/acass.com\/fr\/mise-en-service\/","og_site_name":"ACASS","article_modified_time":"2026-02-17T16:34:58+00:00","og_image":[{"width":1920,"height":1080,"url":"https:\/\/acass.com\/wp-content\/uploads\/2022\/09\/social.jpg","type":"image\/jpeg"}],"twitter_card":"summary_large_image","schema":{"@context":"https:\/\/schema.org","@graph":[{"@type":"WebPage","@id":"https:\/\/acass.com\/fr\/mise-en-service\/","url":"https:\/\/acass.com\/fr\/mise-en-service\/","name":"Mise en service d'avion | ACASS - Own Your Journey\u00ae","isPartOf":{"@id":"https:\/\/acass.com\/fr\/#website"},"primaryImageOfPage":{"@id":"https:\/\/acass.com\/fr\/mise-en-service\/#primaryimage"},"image":{"@id":"https:\/\/acass.com\/fr\/mise-en-service\/#primaryimage"},"thumbnailUrl":"https:\/\/acass.com\/wp-content\/uploads\/2022\/09\/social.jpg","datePublished":"2022-09-06T19:23:56+00:00","dateModified":"2026-02-17T16:34:58+00:00","description":"Les services de gestion de l'entr\u00e9e en service (EIS) d'ACASS ont fait leurs preuves et permettent de se d\u00e9barrasser rapidement des t\u00e2ches accablantes et de la complexit\u00e9 de la r\u00e9glementation a\u00e9ronautique pour vous permettre d'entrer dans votre avion le plus rapidement et le plus facilement possible.","breadcrumb":{"@id":"https:\/\/acass.com\/fr\/mise-en-service\/#breadcrumb"},"inLanguage":"fr-FR","potentialAction":[{"@type":"ReadAction","target":["https:\/\/acass.com\/fr\/mise-en-service\/"]}]},{"@type":"ImageObject","inLanguage":"fr-FR","@id":"https:\/\/acass.com\/fr\/mise-en-service\/#primaryimage","url":"https:\/\/acass.com\/wp-content\/uploads\/2022\/09\/social.jpg","contentUrl":"https:\/\/acass.com\/wp-content\/uploads\/2022\/09\/social.jpg","width":1920,"height":1080},{"@type":"BreadcrumbList","@id":"https:\/\/acass.com\/fr\/mise-en-service\/#breadcrumb","itemListElement":[{"@type":"ListItem","position":1,"name":"Home","item":"https:\/\/acass.com\/fr\/"},{"@type":"ListItem","position":2,"name":"Mise en service"}]},{"@type":"WebSite","@id":"https:\/\/acass.com\/fr\/#website","url":"https:\/\/acass.com\/fr\/","name":"ACASS","description":"Own Your Journey\u00ae","publisher":{"@id":"https:\/\/acass.com\/fr\/#organization"},"potentialAction":[{"@type":"SearchAction","target":{"@type":"EntryPoint","urlTemplate":"https:\/\/acass.com\/fr\/?s={search_term_string}"},"query-input":{"@type":"PropertyValueSpecification","valueRequired":true,"valueName":"search_term_string"}}],"inLanguage":"fr-FR"},{"@type":"Organization","@id":"https:\/\/acass.com\/fr\/#organization","name":"ACASS","url":"https:\/\/acass.com\/fr\/","logo":{"@type":"ImageObject","inLanguage":"fr-FR","@id":"https:\/\/acass.com\/fr\/#\/schema\/logo\/image\/","url":"https:\/\/acass.com\/wp-content\/uploads\/2022\/09\/social.jpg","contentUrl":"https:\/\/acass.com\/wp-content\/uploads\/2022\/09\/social.jpg","width":1920,"height":1080,"caption":"ACASS"},"image":{"@id":"https:\/\/acass.com\/fr\/#\/schema\/logo\/image\/"}}]}},"_links":{"self":[{"href":"https:\/\/acass.com\/fr\/wp-json\/wp\/v2\/pages\/3035","targetHints":{"allow":["GET"]}}],"collection":[{"href":"https:\/\/acass.com\/fr\/wp-json\/wp\/v2\/pages"}],"about":[{"href":"https:\/\/acass.com\/fr\/wp-json\/wp\/v2\/types\/page"}],"author":[{"embeddable":true,"href":"https:\/\/acass.com\/fr\/wp-json\/wp\/v2\/users\/1"}],"replies":[{"embeddable":true,"href":"https:\/\/acass.com\/fr\/wp-json\/wp\/v2\/comments?post=3035"}],"version-history":[{"count":15,"href":"https:\/\/acass.com\/fr\/wp-json\/wp\/v2\/pages\/3035\/revisions"}],"predecessor-version":[{"id":8404,"href":"https:\/\/acass.com\/fr\/wp-json\/wp\/v2\/pages\/3035\/revisions\/8404"}],"wp:featuredmedia":[{"embeddable":true,"href":"https:\/\/acass.com\/fr\/wp-json\/wp\/v2\/media\/3138"}],"wp:attachment":[{"href":"https:\/\/acass.com\/fr\/wp-json\/wp\/v2\/media?parent=3035"}],"curies":[{"name":"wp","href":"https:\/\/api.w.org\/{rel}","templated":true}]}}