{"id":3042,"date":"2022-09-06T15:49:22","date_gmt":"2022-09-06T19:49:22","guid":{"rendered":"https:\/\/acass.com\/about-us-copy\/"},"modified":"2026-02-13T12:32:10","modified_gmt":"2026-02-13T17:32:10","slug":"notre-equipe","status":"publish","type":"page","link":"https:\/\/acass.com\/fr\/notre-equipe\/","title":{"rendered":"Notre \u00e9quipe"},"content":{"rendered":"","protected":false},"excerpt":{"rendered":"","protected":false},"author":1,"featured_media":3138,"parent":0,"menu_order":0,"comment_status":"closed","ping_status":"closed","template":"page--team.php","meta":{"_acf_changed":false,"footnotes":"","_links_to":"","_links_to_target":""},"class_list":["post-3042","page","type-page","status-publish","has-post-thumbnail","hentry"],"acf":[],"yoast_head":"<!-- This site is optimized with the Yoast SEO plugin v26.9 - https:\/\/yoast.com\/product\/yoast-seo-wordpress\/ -->\n<title>Notre \u00e9quipe | ACASS - Own Your Journey\u00ae<\/title>\n<meta name=\"description\" content=\"Depuis 1994, ACASS vit et respire l&#039;aviation d&#039;affaires dans certaines des r\u00e9gions les plus difficiles du globe depuis 25 ans. Notre personnel est parmi les plus exp\u00e9riment\u00e9s de l&#039;industrie et poss\u00e8de les connaissances, les ressources et les relations internationales n\u00e9cessaires pour faire face \u00e0 presque toutes les situations. Certains de nos services comprennent la dotation en personnel \u00e9quipages de vol, la gestion d&#039;avion, l&#039;affr\u00e8tement d&#039;avion et la vente d&#039;avion.\" \/>\n<meta name=\"robots\" content=\"index, follow, max-snippet:-1, max-image-preview:large, max-video-preview:-1\" \/>\n<link rel=\"canonical\" href=\"https:\/\/acass.com\/fr\/notre-equipe\/\" \/>\n<meta property=\"og:locale\" content=\"fr_FR\" \/>\n<meta property=\"og:type\" content=\"article\" \/>\n<meta property=\"og:title\" content=\"Notre \u00e9quipe | ACASS - Own Your Journey\u00ae\" \/>\n<meta property=\"og:description\" content=\"Depuis 1994, ACASS vit et respire l&#039;aviation d&#039;affaires dans certaines des r\u00e9gions les plus difficiles du globe depuis 25 ans. Notre personnel est parmi les plus exp\u00e9riment\u00e9s de l&#039;industrie et poss\u00e8de les connaissances, les ressources et les relations internationales n\u00e9cessaires pour faire face \u00e0 presque toutes les situations. Certains de nos services comprennent la dotation en personnel \u00e9quipages de vol, la gestion d&#039;avion, l&#039;affr\u00e8tement d&#039;avion et la vente d&#039;avion.\" \/>\n<meta property=\"og:url\" content=\"https:\/\/acass.com\/fr\/notre-equipe\/\" \/>\n<meta property=\"og:site_name\" content=\"ACASS\" \/>\n<meta property=\"article:modified_time\" content=\"2026-02-13T17:32:10+00:00\" \/>\n<meta property=\"og:image\" content=\"https:\/\/acass.com\/wp-content\/uploads\/2022\/09\/social.jpg\" \/>\n\t<meta property=\"og:image:width\" content=\"1920\" \/>\n\t<meta property=\"og:image:height\" content=\"1080\" \/>\n\t<meta property=\"og:image:type\" content=\"image\/jpeg\" \/>\n<meta name=\"twitter:card\" content=\"summary_large_image\" \/>\n<script type=\"application\/ld+json\" class=\"yoast-schema-graph\">{\"@context\":\"https:\/\/schema.org\",\"@graph\":[{\"@type\":\"WebPage\",\"@id\":\"https:\/\/acass.com\/fr\/notre-equipe\/\",\"url\":\"https:\/\/acass.com\/fr\/notre-equipe\/\",\"name\":\"Notre \u00e9quipe | ACASS - Own Your Journey\u00ae\",\"isPartOf\":{\"@id\":\"https:\/\/acass.com\/fr\/#website\"},\"primaryImageOfPage\":{\"@id\":\"https:\/\/acass.com\/fr\/notre-equipe\/#primaryimage\"},\"image\":{\"@id\":\"https:\/\/acass.com\/fr\/notre-equipe\/#primaryimage\"},\"thumbnailUrl\":\"https:\/\/acass.com\/wp-content\/uploads\/2022\/09\/social.jpg\",\"datePublished\":\"2022-09-06T19:49:22+00:00\",\"dateModified\":\"2026-02-13T17:32:10+00:00\",\"description\":\"Depuis 1994, ACASS vit et respire l'aviation d'affaires dans certaines des r\u00e9gions les plus difficiles du globe depuis 25 ans. Notre personnel est parmi les plus exp\u00e9riment\u00e9s de l'industrie et poss\u00e8de les connaissances, les ressources et les relations internationales n\u00e9cessaires pour faire face \u00e0 presque toutes les situations. Certains de nos services comprennent la dotation en personnel \u00e9quipages de vol, la gestion d'avion, l'affr\u00e8tement d'avion et la vente d'avion.\",\"breadcrumb\":{\"@id\":\"https:\/\/acass.com\/fr\/notre-equipe\/#breadcrumb\"},\"inLanguage\":\"fr-FR\",\"potentialAction\":[{\"@type\":\"ReadAction\",\"target\":[\"https:\/\/acass.com\/fr\/notre-equipe\/\"]}]},{\"@type\":\"ImageObject\",\"inLanguage\":\"fr-FR\",\"@id\":\"https:\/\/acass.com\/fr\/notre-equipe\/#primaryimage\",\"url\":\"https:\/\/acass.com\/wp-content\/uploads\/2022\/09\/social.jpg\",\"contentUrl\":\"https:\/\/acass.com\/wp-content\/uploads\/2022\/09\/social.jpg\",\"width\":1920,\"height\":1080},{\"@type\":\"BreadcrumbList\",\"@id\":\"https:\/\/acass.com\/fr\/notre-equipe\/#breadcrumb\",\"itemListElement\":[{\"@type\":\"ListItem\",\"position\":1,\"name\":\"Home\",\"item\":\"https:\/\/acass.com\/fr\/\"},{\"@type\":\"ListItem\",\"position\":2,\"name\":\"Notre \u00e9quipe\"}]},{\"@type\":\"WebSite\",\"@id\":\"https:\/\/acass.com\/fr\/#website\",\"url\":\"https:\/\/acass.com\/fr\/\",\"name\":\"ACASS\",\"description\":\"Own Your Journey\u00ae\",\"publisher\":{\"@id\":\"https:\/\/acass.com\/fr\/#organization\"},\"potentialAction\":[{\"@type\":\"SearchAction\",\"target\":{\"@type\":\"EntryPoint\",\"urlTemplate\":\"https:\/\/acass.com\/fr\/?s={search_term_string}\"},\"query-input\":{\"@type\":\"PropertyValueSpecification\",\"valueRequired\":true,\"valueName\":\"search_term_string\"}}],\"inLanguage\":\"fr-FR\"},{\"@type\":\"Organization\",\"@id\":\"https:\/\/acass.com\/fr\/#organization\",\"name\":\"ACASS\",\"url\":\"https:\/\/acass.com\/fr\/\",\"logo\":{\"@type\":\"ImageObject\",\"inLanguage\":\"fr-FR\",\"@id\":\"https:\/\/acass.com\/fr\/#\/schema\/logo\/image\/\",\"url\":\"https:\/\/acass.com\/wp-content\/uploads\/2022\/09\/social.jpg\",\"contentUrl\":\"https:\/\/acass.com\/wp-content\/uploads\/2022\/09\/social.jpg\",\"width\":1920,\"height\":1080,\"caption\":\"ACASS\"},\"image\":{\"@id\":\"https:\/\/acass.com\/fr\/#\/schema\/logo\/image\/\"}}]}<\/script>\n<!-- \/ Yoast SEO plugin. -->","yoast_head_json":{"title":"Notre \u00e9quipe | ACASS - Own Your Journey\u00ae","description":"Depuis 1994, ACASS vit et respire l'aviation d'affaires dans certaines des r\u00e9gions les plus difficiles du globe depuis 25 ans. Notre personnel est parmi les plus exp\u00e9riment\u00e9s de l'industrie et poss\u00e8de les connaissances, les ressources et les relations internationales n\u00e9cessaires pour faire face \u00e0 presque toutes les situations. Certains de nos services comprennent la dotation en personnel \u00e9quipages de vol, la gestion d'avion, l'affr\u00e8tement d'avion et la vente d'avion.","robots":{"index":"index","follow":"follow","max-snippet":"max-snippet:-1","max-image-preview":"max-image-preview:large","max-video-preview":"max-video-preview:-1"},"canonical":"https:\/\/acass.com\/fr\/notre-equipe\/","og_locale":"fr_FR","og_type":"article","og_title":"Notre \u00e9quipe | ACASS - Own Your Journey\u00ae","og_description":"Depuis 1994, ACASS vit et respire l'aviation d'affaires dans certaines des r\u00e9gions les plus difficiles du globe depuis 25 ans. Notre personnel est parmi les plus exp\u00e9riment\u00e9s de l'industrie et poss\u00e8de les connaissances, les ressources et les relations internationales n\u00e9cessaires pour faire face \u00e0 presque toutes les situations. Certains de nos services comprennent la dotation en personnel \u00e9quipages de vol, la gestion d'avion, l'affr\u00e8tement d'avion et la vente d'avion.","og_url":"https:\/\/acass.com\/fr\/notre-equipe\/","og_site_name":"ACASS","article_modified_time":"2026-02-13T17:32:10+00:00","og_image":[{"width":1920,"height":1080,"url":"https:\/\/acass.com\/wp-content\/uploads\/2022\/09\/social.jpg","type":"image\/jpeg"}],"twitter_card":"summary_large_image","schema":{"@context":"https:\/\/schema.org","@graph":[{"@type":"WebPage","@id":"https:\/\/acass.com\/fr\/notre-equipe\/","url":"https:\/\/acass.com\/fr\/notre-equipe\/","name":"Notre \u00e9quipe | ACASS - Own Your Journey\u00ae","isPartOf":{"@id":"https:\/\/acass.com\/fr\/#website"},"primaryImageOfPage":{"@id":"https:\/\/acass.com\/fr\/notre-equipe\/#primaryimage"},"image":{"@id":"https:\/\/acass.com\/fr\/notre-equipe\/#primaryimage"},"thumbnailUrl":"https:\/\/acass.com\/wp-content\/uploads\/2022\/09\/social.jpg","datePublished":"2022-09-06T19:49:22+00:00","dateModified":"2026-02-13T17:32:10+00:00","description":"Depuis 1994, ACASS vit et respire l'aviation d'affaires dans certaines des r\u00e9gions les plus difficiles du globe depuis 25 ans. Notre personnel est parmi les plus exp\u00e9riment\u00e9s de l'industrie et poss\u00e8de les connaissances, les ressources et les relations internationales n\u00e9cessaires pour faire face \u00e0 presque toutes les situations. Certains de nos services comprennent la dotation en personnel \u00e9quipages de vol, la gestion d'avion, l'affr\u00e8tement d'avion et la vente d'avion.","breadcrumb":{"@id":"https:\/\/acass.com\/fr\/notre-equipe\/#breadcrumb"},"inLanguage":"fr-FR","potentialAction":[{"@type":"ReadAction","target":["https:\/\/acass.com\/fr\/notre-equipe\/"]}]},{"@type":"ImageObject","inLanguage":"fr-FR","@id":"https:\/\/acass.com\/fr\/notre-equipe\/#primaryimage","url":"https:\/\/acass.com\/wp-content\/uploads\/2022\/09\/social.jpg","contentUrl":"https:\/\/acass.com\/wp-content\/uploads\/2022\/09\/social.jpg","width":1920,"height":1080},{"@type":"BreadcrumbList","@id":"https:\/\/acass.com\/fr\/notre-equipe\/#breadcrumb","itemListElement":[{"@type":"ListItem","position":1,"name":"Home","item":"https:\/\/acass.com\/fr\/"},{"@type":"ListItem","position":2,"name":"Notre \u00e9quipe"}]},{"@type":"WebSite","@id":"https:\/\/acass.com\/fr\/#website","url":"https:\/\/acass.com\/fr\/","name":"ACASS","description":"Own Your Journey\u00ae","publisher":{"@id":"https:\/\/acass.com\/fr\/#organization"},"potentialAction":[{"@type":"SearchAction","target":{"@type":"EntryPoint","urlTemplate":"https:\/\/acass.com\/fr\/?s={search_term_string}"},"query-input":{"@type":"PropertyValueSpecification","valueRequired":true,"valueName":"search_term_string"}}],"inLanguage":"fr-FR"},{"@type":"Organization","@id":"https:\/\/acass.com\/fr\/#organization","name":"ACASS","url":"https:\/\/acass.com\/fr\/","logo":{"@type":"ImageObject","inLanguage":"fr-FR","@id":"https:\/\/acass.com\/fr\/#\/schema\/logo\/image\/","url":"https:\/\/acass.com\/wp-content\/uploads\/2022\/09\/social.jpg","contentUrl":"https:\/\/acass.com\/wp-content\/uploads\/2022\/09\/social.jpg","width":1920,"height":1080,"caption":"ACASS"},"image":{"@id":"https:\/\/acass.com\/fr\/#\/schema\/logo\/image\/"}}]}},"_links":{"self":[{"href":"https:\/\/acass.com\/fr\/wp-json\/wp\/v2\/pages\/3042","targetHints":{"allow":["GET"]}}],"collection":[{"href":"https:\/\/acass.com\/fr\/wp-json\/wp\/v2\/pages"}],"about":[{"href":"https:\/\/acass.com\/fr\/wp-json\/wp\/v2\/types\/page"}],"author":[{"embeddable":true,"href":"https:\/\/acass.com\/fr\/wp-json\/wp\/v2\/users\/1"}],"replies":[{"embeddable":true,"href":"https:\/\/acass.com\/fr\/wp-json\/wp\/v2\/comments?post=3042"}],"version-history":[{"count":39,"href":"https:\/\/acass.com\/fr\/wp-json\/wp\/v2\/pages\/3042\/revisions"}],"predecessor-version":[{"id":8387,"href":"https:\/\/acass.com\/fr\/wp-json\/wp\/v2\/pages\/3042\/revisions\/8387"}],"wp:featuredmedia":[{"embeddable":true,"href":"https:\/\/acass.com\/fr\/wp-json\/wp\/v2\/media\/3138"}],"wp:attachment":[{"href":"https:\/\/acass.com\/fr\/wp-json\/wp\/v2\/media?parent=3042"}],"curies":[{"name":"wp","href":"https:\/\/api.w.org\/{rel}","templated":true}]}}