{"id":3048,"date":"2022-09-06T16:04:19","date_gmt":"2022-09-06T20:04:19","guid":{"rendered":"https:\/\/acass.com\/careers-copy\/"},"modified":"2026-02-19T10:19:59","modified_gmt":"2026-02-19T15:19:59","slug":"carrieres","status":"publish","type":"page","link":"https:\/\/acass.com\/fr\/carrieres\/","title":{"rendered":"Carri\u00e8res"},"content":{"rendered":"","protected":false},"excerpt":{"rendered":"","protected":false},"author":1,"featured_media":3138,"parent":0,"menu_order":0,"comment_status":"closed","ping_status":"closed","template":"page--careers.php","meta":{"_acf_changed":false,"footnotes":"","_links_to":"","_links_to_target":""},"class_list":["post-3048","page","type-page","status-publish","has-post-thumbnail","hentry"],"acf":[],"yoast_head":"<!-- This site is optimized with the Yoast SEO plugin v27.3 - https:\/\/yoast.com\/product\/yoast-seo-wordpress\/ -->\n<title>Carri\u00e8res dans l&#039;aviation | ACASS - Own Your Journey\u00ae<\/title>\n<meta name=\"description\" content=\"ACASS offre un large \u00e9ventail d\u2019occasions de carri\u00e8re li\u00e9es au secteur de l\u2019aviation d\u2019affaires \u00e0 son si\u00e8ge social de Montr\u00e9al, dans ses succursales partout dans le monde et dans des r\u00f4les de membres d\u2019\u00e9quipage pour notre client\u00e8le mondiale. Nous offrons des salaires concurrentiels, d\u2019excellents avantages sociaux et une culture d\u2019entreprise con\u00e7ue pour aider chaque membre de notre \u00e9quipe \u00e0 donner le meilleur de lui-m\u00eame.\" \/>\n<meta name=\"robots\" content=\"index, follow, max-snippet:-1, max-image-preview:large, max-video-preview:-1\" \/>\n<link rel=\"canonical\" href=\"https:\/\/acass.com\/fr\/carrieres\/\" \/>\n<meta property=\"og:locale\" content=\"fr_FR\" \/>\n<meta property=\"og:type\" content=\"article\" \/>\n<meta property=\"og:title\" content=\"Carri\u00e8res dans l&#039;aviation | ACASS - Own Your Journey\u00ae\" \/>\n<meta property=\"og:description\" content=\"ACASS offre un large \u00e9ventail d\u2019occasions de carri\u00e8re li\u00e9es au secteur de l\u2019aviation d\u2019affaires \u00e0 son si\u00e8ge social de Montr\u00e9al, dans ses succursales partout dans le monde et dans des r\u00f4les de membres d\u2019\u00e9quipage pour notre client\u00e8le mondiale. Nous offrons des salaires concurrentiels, d\u2019excellents avantages sociaux et une culture d\u2019entreprise con\u00e7ue pour aider chaque membre de notre \u00e9quipe \u00e0 donner le meilleur de lui-m\u00eame.\" \/>\n<meta property=\"og:url\" content=\"https:\/\/acass.com\/fr\/carrieres\/\" \/>\n<meta property=\"og:site_name\" content=\"ACASS\" \/>\n<meta property=\"article:modified_time\" content=\"2026-02-19T15:19:59+00:00\" \/>\n<meta property=\"og:image\" content=\"https:\/\/acass.com\/wp-content\/uploads\/2022\/09\/social.jpg\" \/>\n\t<meta property=\"og:image:width\" content=\"1920\" \/>\n\t<meta property=\"og:image:height\" content=\"1080\" \/>\n\t<meta property=\"og:image:type\" content=\"image\/jpeg\" \/>\n<meta name=\"twitter:card\" content=\"summary_large_image\" \/>\n<script type=\"application\/ld+json\" class=\"yoast-schema-graph\">{\"@context\":\"https:\\\/\\\/schema.org\",\"@graph\":[{\"@type\":\"WebPage\",\"@id\":\"https:\\\/\\\/acass.com\\\/fr\\\/carrieres\\\/\",\"url\":\"https:\\\/\\\/acass.com\\\/fr\\\/carrieres\\\/\",\"name\":\"Carri\u00e8res dans l'aviation | ACASS - Own Your Journey\u00ae\",\"isPartOf\":{\"@id\":\"https:\\\/\\\/acass.com\\\/fr\\\/#website\"},\"primaryImageOfPage\":{\"@id\":\"https:\\\/\\\/acass.com\\\/fr\\\/carrieres\\\/#primaryimage\"},\"image\":{\"@id\":\"https:\\\/\\\/acass.com\\\/fr\\\/carrieres\\\/#primaryimage\"},\"thumbnailUrl\":\"https:\\\/\\\/acass.com\\\/wp-content\\\/uploads\\\/2022\\\/09\\\/social.jpg\",\"datePublished\":\"2022-09-06T20:04:19+00:00\",\"dateModified\":\"2026-02-19T15:19:59+00:00\",\"description\":\"ACASS offre un large \u00e9ventail d\u2019occasions de carri\u00e8re li\u00e9es au secteur de l\u2019aviation d\u2019affaires \u00e0 son si\u00e8ge social de Montr\u00e9al, dans ses succursales partout dans le monde et dans des r\u00f4les de membres d\u2019\u00e9quipage pour notre client\u00e8le mondiale. Nous offrons des salaires concurrentiels, d\u2019excellents avantages sociaux et une culture d\u2019entreprise con\u00e7ue pour aider chaque membre de notre \u00e9quipe \u00e0 donner le meilleur de lui-m\u00eame.\",\"breadcrumb\":{\"@id\":\"https:\\\/\\\/acass.com\\\/fr\\\/carrieres\\\/#breadcrumb\"},\"inLanguage\":\"fr-FR\",\"potentialAction\":[{\"@type\":\"ReadAction\",\"target\":[\"https:\\\/\\\/acass.com\\\/fr\\\/carrieres\\\/\"]}]},{\"@type\":\"ImageObject\",\"inLanguage\":\"fr-FR\",\"@id\":\"https:\\\/\\\/acass.com\\\/fr\\\/carrieres\\\/#primaryimage\",\"url\":\"https:\\\/\\\/acass.com\\\/wp-content\\\/uploads\\\/2022\\\/09\\\/social.jpg\",\"contentUrl\":\"https:\\\/\\\/acass.com\\\/wp-content\\\/uploads\\\/2022\\\/09\\\/social.jpg\",\"width\":1920,\"height\":1080},{\"@type\":\"BreadcrumbList\",\"@id\":\"https:\\\/\\\/acass.com\\\/fr\\\/carrieres\\\/#breadcrumb\",\"itemListElement\":[{\"@type\":\"ListItem\",\"position\":1,\"name\":\"Home\",\"item\":\"https:\\\/\\\/acass.com\\\/fr\\\/\"},{\"@type\":\"ListItem\",\"position\":2,\"name\":\"Carri\u00e8res\"}]},{\"@type\":\"WebSite\",\"@id\":\"https:\\\/\\\/acass.com\\\/fr\\\/#website\",\"url\":\"https:\\\/\\\/acass.com\\\/fr\\\/\",\"name\":\"ACASS\",\"description\":\"Own Your Journey\u00ae\",\"publisher\":{\"@id\":\"https:\\\/\\\/acass.com\\\/fr\\\/#organization\"},\"potentialAction\":[{\"@type\":\"SearchAction\",\"target\":{\"@type\":\"EntryPoint\",\"urlTemplate\":\"https:\\\/\\\/acass.com\\\/fr\\\/?s={search_term_string}\"},\"query-input\":{\"@type\":\"PropertyValueSpecification\",\"valueRequired\":true,\"valueName\":\"search_term_string\"}}],\"inLanguage\":\"fr-FR\"},{\"@type\":\"Organization\",\"@id\":\"https:\\\/\\\/acass.com\\\/fr\\\/#organization\",\"name\":\"ACASS\",\"url\":\"https:\\\/\\\/acass.com\\\/fr\\\/\",\"logo\":{\"@type\":\"ImageObject\",\"inLanguage\":\"fr-FR\",\"@id\":\"https:\\\/\\\/acass.com\\\/fr\\\/#\\\/schema\\\/logo\\\/image\\\/\",\"url\":\"https:\\\/\\\/acass.com\\\/wp-content\\\/uploads\\\/2022\\\/09\\\/social.jpg\",\"contentUrl\":\"https:\\\/\\\/acass.com\\\/wp-content\\\/uploads\\\/2022\\\/09\\\/social.jpg\",\"width\":1920,\"height\":1080,\"caption\":\"ACASS\"},\"image\":{\"@id\":\"https:\\\/\\\/acass.com\\\/fr\\\/#\\\/schema\\\/logo\\\/image\\\/\"}}]}<\/script>\n<!-- \/ Yoast SEO plugin. -->","yoast_head_json":{"title":"Carri\u00e8res dans l'aviation | ACASS - Own Your Journey\u00ae","description":"ACASS offre un large \u00e9ventail d\u2019occasions de carri\u00e8re li\u00e9es au secteur de l\u2019aviation d\u2019affaires \u00e0 son si\u00e8ge social de Montr\u00e9al, dans ses succursales partout dans le monde et dans des r\u00f4les de membres d\u2019\u00e9quipage pour notre client\u00e8le mondiale. Nous offrons des salaires concurrentiels, d\u2019excellents avantages sociaux et une culture d\u2019entreprise con\u00e7ue pour aider chaque membre de notre \u00e9quipe \u00e0 donner le meilleur de lui-m\u00eame.","robots":{"index":"index","follow":"follow","max-snippet":"max-snippet:-1","max-image-preview":"max-image-preview:large","max-video-preview":"max-video-preview:-1"},"canonical":"https:\/\/acass.com\/fr\/carrieres\/","og_locale":"fr_FR","og_type":"article","og_title":"Carri\u00e8res dans l'aviation | ACASS - Own Your Journey\u00ae","og_description":"ACASS offre un large \u00e9ventail d\u2019occasions de carri\u00e8re li\u00e9es au secteur de l\u2019aviation d\u2019affaires \u00e0 son si\u00e8ge social de Montr\u00e9al, dans ses succursales partout dans le monde et dans des r\u00f4les de membres d\u2019\u00e9quipage pour notre client\u00e8le mondiale. Nous offrons des salaires concurrentiels, d\u2019excellents avantages sociaux et une culture d\u2019entreprise con\u00e7ue pour aider chaque membre de notre \u00e9quipe \u00e0 donner le meilleur de lui-m\u00eame.","og_url":"https:\/\/acass.com\/fr\/carrieres\/","og_site_name":"ACASS","article_modified_time":"2026-02-19T15:19:59+00:00","og_image":[{"width":1920,"height":1080,"url":"https:\/\/acass.com\/wp-content\/uploads\/2022\/09\/social.jpg","type":"image\/jpeg"}],"twitter_card":"summary_large_image","schema":{"@context":"https:\/\/schema.org","@graph":[{"@type":"WebPage","@id":"https:\/\/acass.com\/fr\/carrieres\/","url":"https:\/\/acass.com\/fr\/carrieres\/","name":"Carri\u00e8res dans l'aviation | ACASS - Own Your Journey\u00ae","isPartOf":{"@id":"https:\/\/acass.com\/fr\/#website"},"primaryImageOfPage":{"@id":"https:\/\/acass.com\/fr\/carrieres\/#primaryimage"},"image":{"@id":"https:\/\/acass.com\/fr\/carrieres\/#primaryimage"},"thumbnailUrl":"https:\/\/acass.com\/wp-content\/uploads\/2022\/09\/social.jpg","datePublished":"2022-09-06T20:04:19+00:00","dateModified":"2026-02-19T15:19:59+00:00","description":"ACASS offre un large \u00e9ventail d\u2019occasions de carri\u00e8re li\u00e9es au secteur de l\u2019aviation d\u2019affaires \u00e0 son si\u00e8ge social de Montr\u00e9al, dans ses succursales partout dans le monde et dans des r\u00f4les de membres d\u2019\u00e9quipage pour notre client\u00e8le mondiale. Nous offrons des salaires concurrentiels, d\u2019excellents avantages sociaux et une culture d\u2019entreprise con\u00e7ue pour aider chaque membre de notre \u00e9quipe \u00e0 donner le meilleur de lui-m\u00eame.","breadcrumb":{"@id":"https:\/\/acass.com\/fr\/carrieres\/#breadcrumb"},"inLanguage":"fr-FR","potentialAction":[{"@type":"ReadAction","target":["https:\/\/acass.com\/fr\/carrieres\/"]}]},{"@type":"ImageObject","inLanguage":"fr-FR","@id":"https:\/\/acass.com\/fr\/carrieres\/#primaryimage","url":"https:\/\/acass.com\/wp-content\/uploads\/2022\/09\/social.jpg","contentUrl":"https:\/\/acass.com\/wp-content\/uploads\/2022\/09\/social.jpg","width":1920,"height":1080},{"@type":"BreadcrumbList","@id":"https:\/\/acass.com\/fr\/carrieres\/#breadcrumb","itemListElement":[{"@type":"ListItem","position":1,"name":"Home","item":"https:\/\/acass.com\/fr\/"},{"@type":"ListItem","position":2,"name":"Carri\u00e8res"}]},{"@type":"WebSite","@id":"https:\/\/acass.com\/fr\/#website","url":"https:\/\/acass.com\/fr\/","name":"ACASS","description":"Own Your Journey\u00ae","publisher":{"@id":"https:\/\/acass.com\/fr\/#organization"},"potentialAction":[{"@type":"SearchAction","target":{"@type":"EntryPoint","urlTemplate":"https:\/\/acass.com\/fr\/?s={search_term_string}"},"query-input":{"@type":"PropertyValueSpecification","valueRequired":true,"valueName":"search_term_string"}}],"inLanguage":"fr-FR"},{"@type":"Organization","@id":"https:\/\/acass.com\/fr\/#organization","name":"ACASS","url":"https:\/\/acass.com\/fr\/","logo":{"@type":"ImageObject","inLanguage":"fr-FR","@id":"https:\/\/acass.com\/fr\/#\/schema\/logo\/image\/","url":"https:\/\/acass.com\/wp-content\/uploads\/2022\/09\/social.jpg","contentUrl":"https:\/\/acass.com\/wp-content\/uploads\/2022\/09\/social.jpg","width":1920,"height":1080,"caption":"ACASS"},"image":{"@id":"https:\/\/acass.com\/fr\/#\/schema\/logo\/image\/"}}]}},"_links":{"self":[{"href":"https:\/\/acass.com\/fr\/wp-json\/wp\/v2\/pages\/3048","targetHints":{"allow":["GET"]}}],"collection":[{"href":"https:\/\/acass.com\/fr\/wp-json\/wp\/v2\/pages"}],"about":[{"href":"https:\/\/acass.com\/fr\/wp-json\/wp\/v2\/types\/page"}],"author":[{"embeddable":true,"href":"https:\/\/acass.com\/fr\/wp-json\/wp\/v2\/users\/1"}],"replies":[{"embeddable":true,"href":"https:\/\/acass.com\/fr\/wp-json\/wp\/v2\/comments?post=3048"}],"version-history":[{"count":26,"href":"https:\/\/acass.com\/fr\/wp-json\/wp\/v2\/pages\/3048\/revisions"}],"predecessor-version":[{"id":8411,"href":"https:\/\/acass.com\/fr\/wp-json\/wp\/v2\/pages\/3048\/revisions\/8411"}],"wp:featuredmedia":[{"embeddable":true,"href":"https:\/\/acass.com\/fr\/wp-json\/wp\/v2\/media\/3138"}],"wp:attachment":[{"href":"https:\/\/acass.com\/fr\/wp-json\/wp\/v2\/media?parent=3048"}],"curies":[{"name":"wp","href":"https:\/\/api.w.org\/{rel}","templated":true}]}}