{"id":3051,"date":"2022-09-06T16:18:38","date_gmt":"2022-09-06T20:18:38","guid":{"rendered":"https:\/\/acass.com\/aircraft-for-sale-and-acquisition-copy\/"},"modified":"2025-09-25T13:44:14","modified_gmt":"2025-09-25T17:44:14","slug":"avions-a-vendre-et-a-acquerir","status":"publish","type":"page","link":"https:\/\/acass.com\/fr\/avions-a-vendre-et-a-acquerir\/","title":{"rendered":"Avions \u00e0 vendre et \u00e0 acqu\u00e9rir"},"content":{"rendered":"","protected":false},"excerpt":{"rendered":"","protected":false},"author":1,"featured_media":3138,"parent":0,"menu_order":0,"comment_status":"closed","ping_status":"closed","template":"page--aircraftForSaleAcquisition.php","meta":{"_acf_changed":false,"footnotes":"","_links_to":"","_links_to_target":""},"class_list":["post-3051","page","type-page","status-publish","has-post-thumbnail","hentry"],"acf":[],"yoast_head":"<!-- This site is optimized with the Yoast SEO plugin v27.3 - https:\/\/yoast.com\/product\/yoast-seo-wordpress\/ -->\n<title>Avions \u00e0 vendre et \u00e0 acqu\u00e9rir | ACASS - Own Your Journey\u00ae<\/title>\n<meta name=\"description\" content=\"Parcourez nos Avions Disponibles \u00e0 la Vente et nos avions recherch\u00e9s pour acquisition. Le personnel de vente d&#039;ACASS est compos\u00e9 de professionnels ayant des d\u00e9cennies d&#039;exp\u00e9rience combin\u00e9e en OEM et de connaissances accumul\u00e9es. C&#039;est ce qui distingue un consultant d&#039;un courtier ordinaire.\" \/>\n<meta name=\"robots\" content=\"index, follow, max-snippet:-1, max-image-preview:large, max-video-preview:-1\" \/>\n<link rel=\"canonical\" href=\"https:\/\/acass.com\/fr\/avions-a-vendre-et-a-acquerir\/\" \/>\n<meta property=\"og:locale\" content=\"fr_FR\" \/>\n<meta property=\"og:type\" content=\"article\" \/>\n<meta property=\"og:title\" content=\"Avions \u00e0 vendre et \u00e0 acqu\u00e9rir | ACASS - Own Your Journey\u00ae\" \/>\n<meta property=\"og:description\" content=\"Parcourez nos Avions Disponibles \u00e0 la Vente et nos avions recherch\u00e9s pour acquisition. Le personnel de vente d&#039;ACASS est compos\u00e9 de professionnels ayant des d\u00e9cennies d&#039;exp\u00e9rience combin\u00e9e en OEM et de connaissances accumul\u00e9es. C&#039;est ce qui distingue un consultant d&#039;un courtier ordinaire.\" \/>\n<meta property=\"og:url\" content=\"https:\/\/acass.com\/fr\/avions-a-vendre-et-a-acquerir\/\" \/>\n<meta property=\"og:site_name\" content=\"ACASS\" \/>\n<meta property=\"article:modified_time\" content=\"2025-09-25T17:44:14+00:00\" \/>\n<meta property=\"og:image\" content=\"https:\/\/acass.com\/wp-content\/uploads\/2022\/09\/social.jpg\" \/>\n\t<meta property=\"og:image:width\" content=\"1920\" \/>\n\t<meta property=\"og:image:height\" content=\"1080\" \/>\n\t<meta property=\"og:image:type\" content=\"image\/jpeg\" \/>\n<meta name=\"twitter:card\" content=\"summary_large_image\" \/>\n<script type=\"application\/ld+json\" class=\"yoast-schema-graph\">{\"@context\":\"https:\\\/\\\/schema.org\",\"@graph\":[{\"@type\":\"WebPage\",\"@id\":\"https:\\\/\\\/acass.com\\\/fr\\\/avions-a-vendre-et-a-acquerir\\\/\",\"url\":\"https:\\\/\\\/acass.com\\\/fr\\\/avions-a-vendre-et-a-acquerir\\\/\",\"name\":\"Avions \u00e0 vendre et \u00e0 acqu\u00e9rir | ACASS - Own Your Journey\u00ae\",\"isPartOf\":{\"@id\":\"https:\\\/\\\/acass.com\\\/fr\\\/#website\"},\"primaryImageOfPage\":{\"@id\":\"https:\\\/\\\/acass.com\\\/fr\\\/avions-a-vendre-et-a-acquerir\\\/#primaryimage\"},\"image\":{\"@id\":\"https:\\\/\\\/acass.com\\\/fr\\\/avions-a-vendre-et-a-acquerir\\\/#primaryimage\"},\"thumbnailUrl\":\"https:\\\/\\\/acass.com\\\/wp-content\\\/uploads\\\/2022\\\/09\\\/social.jpg\",\"datePublished\":\"2022-09-06T20:18:38+00:00\",\"dateModified\":\"2025-09-25T17:44:14+00:00\",\"description\":\"Parcourez nos Avions Disponibles \u00e0 la Vente et nos avions recherch\u00e9s pour acquisition. Le personnel de vente d'ACASS est compos\u00e9 de professionnels ayant des d\u00e9cennies d'exp\u00e9rience combin\u00e9e en OEM et de connaissances accumul\u00e9es. C'est ce qui distingue un consultant d'un courtier ordinaire.\",\"breadcrumb\":{\"@id\":\"https:\\\/\\\/acass.com\\\/fr\\\/avions-a-vendre-et-a-acquerir\\\/#breadcrumb\"},\"inLanguage\":\"fr-FR\",\"potentialAction\":[{\"@type\":\"ReadAction\",\"target\":[\"https:\\\/\\\/acass.com\\\/fr\\\/avions-a-vendre-et-a-acquerir\\\/\"]}]},{\"@type\":\"ImageObject\",\"inLanguage\":\"fr-FR\",\"@id\":\"https:\\\/\\\/acass.com\\\/fr\\\/avions-a-vendre-et-a-acquerir\\\/#primaryimage\",\"url\":\"https:\\\/\\\/acass.com\\\/wp-content\\\/uploads\\\/2022\\\/09\\\/social.jpg\",\"contentUrl\":\"https:\\\/\\\/acass.com\\\/wp-content\\\/uploads\\\/2022\\\/09\\\/social.jpg\",\"width\":1920,\"height\":1080},{\"@type\":\"BreadcrumbList\",\"@id\":\"https:\\\/\\\/acass.com\\\/fr\\\/avions-a-vendre-et-a-acquerir\\\/#breadcrumb\",\"itemListElement\":[{\"@type\":\"ListItem\",\"position\":1,\"name\":\"Home\",\"item\":\"https:\\\/\\\/acass.com\\\/fr\\\/\"},{\"@type\":\"ListItem\",\"position\":2,\"name\":\"Avions \u00e0 vendre et \u00e0 acqu\u00e9rir\"}]},{\"@type\":\"WebSite\",\"@id\":\"https:\\\/\\\/acass.com\\\/fr\\\/#website\",\"url\":\"https:\\\/\\\/acass.com\\\/fr\\\/\",\"name\":\"ACASS\",\"description\":\"Own Your Journey\u00ae\",\"publisher\":{\"@id\":\"https:\\\/\\\/acass.com\\\/fr\\\/#organization\"},\"potentialAction\":[{\"@type\":\"SearchAction\",\"target\":{\"@type\":\"EntryPoint\",\"urlTemplate\":\"https:\\\/\\\/acass.com\\\/fr\\\/?s={search_term_string}\"},\"query-input\":{\"@type\":\"PropertyValueSpecification\",\"valueRequired\":true,\"valueName\":\"search_term_string\"}}],\"inLanguage\":\"fr-FR\"},{\"@type\":\"Organization\",\"@id\":\"https:\\\/\\\/acass.com\\\/fr\\\/#organization\",\"name\":\"ACASS\",\"url\":\"https:\\\/\\\/acass.com\\\/fr\\\/\",\"logo\":{\"@type\":\"ImageObject\",\"inLanguage\":\"fr-FR\",\"@id\":\"https:\\\/\\\/acass.com\\\/fr\\\/#\\\/schema\\\/logo\\\/image\\\/\",\"url\":\"https:\\\/\\\/acass.com\\\/wp-content\\\/uploads\\\/2022\\\/09\\\/social.jpg\",\"contentUrl\":\"https:\\\/\\\/acass.com\\\/wp-content\\\/uploads\\\/2022\\\/09\\\/social.jpg\",\"width\":1920,\"height\":1080,\"caption\":\"ACASS\"},\"image\":{\"@id\":\"https:\\\/\\\/acass.com\\\/fr\\\/#\\\/schema\\\/logo\\\/image\\\/\"}}]}<\/script>\n<!-- \/ Yoast SEO plugin. -->","yoast_head_json":{"title":"Avions \u00e0 vendre et \u00e0 acqu\u00e9rir | ACASS - Own Your Journey\u00ae","description":"Parcourez nos Avions Disponibles \u00e0 la Vente et nos avions recherch\u00e9s pour acquisition. Le personnel de vente d'ACASS est compos\u00e9 de professionnels ayant des d\u00e9cennies d'exp\u00e9rience combin\u00e9e en OEM et de connaissances accumul\u00e9es. C'est ce qui distingue un consultant d'un courtier ordinaire.","robots":{"index":"index","follow":"follow","max-snippet":"max-snippet:-1","max-image-preview":"max-image-preview:large","max-video-preview":"max-video-preview:-1"},"canonical":"https:\/\/acass.com\/fr\/avions-a-vendre-et-a-acquerir\/","og_locale":"fr_FR","og_type":"article","og_title":"Avions \u00e0 vendre et \u00e0 acqu\u00e9rir | ACASS - Own Your Journey\u00ae","og_description":"Parcourez nos Avions Disponibles \u00e0 la Vente et nos avions recherch\u00e9s pour acquisition. Le personnel de vente d'ACASS est compos\u00e9 de professionnels ayant des d\u00e9cennies d'exp\u00e9rience combin\u00e9e en OEM et de connaissances accumul\u00e9es. C'est ce qui distingue un consultant d'un courtier ordinaire.","og_url":"https:\/\/acass.com\/fr\/avions-a-vendre-et-a-acquerir\/","og_site_name":"ACASS","article_modified_time":"2025-09-25T17:44:14+00:00","og_image":[{"width":1920,"height":1080,"url":"https:\/\/acass.com\/wp-content\/uploads\/2022\/09\/social.jpg","type":"image\/jpeg"}],"twitter_card":"summary_large_image","schema":{"@context":"https:\/\/schema.org","@graph":[{"@type":"WebPage","@id":"https:\/\/acass.com\/fr\/avions-a-vendre-et-a-acquerir\/","url":"https:\/\/acass.com\/fr\/avions-a-vendre-et-a-acquerir\/","name":"Avions \u00e0 vendre et \u00e0 acqu\u00e9rir | ACASS - Own Your Journey\u00ae","isPartOf":{"@id":"https:\/\/acass.com\/fr\/#website"},"primaryImageOfPage":{"@id":"https:\/\/acass.com\/fr\/avions-a-vendre-et-a-acquerir\/#primaryimage"},"image":{"@id":"https:\/\/acass.com\/fr\/avions-a-vendre-et-a-acquerir\/#primaryimage"},"thumbnailUrl":"https:\/\/acass.com\/wp-content\/uploads\/2022\/09\/social.jpg","datePublished":"2022-09-06T20:18:38+00:00","dateModified":"2025-09-25T17:44:14+00:00","description":"Parcourez nos Avions Disponibles \u00e0 la Vente et nos avions recherch\u00e9s pour acquisition. Le personnel de vente d'ACASS est compos\u00e9 de professionnels ayant des d\u00e9cennies d'exp\u00e9rience combin\u00e9e en OEM et de connaissances accumul\u00e9es. C'est ce qui distingue un consultant d'un courtier ordinaire.","breadcrumb":{"@id":"https:\/\/acass.com\/fr\/avions-a-vendre-et-a-acquerir\/#breadcrumb"},"inLanguage":"fr-FR","potentialAction":[{"@type":"ReadAction","target":["https:\/\/acass.com\/fr\/avions-a-vendre-et-a-acquerir\/"]}]},{"@type":"ImageObject","inLanguage":"fr-FR","@id":"https:\/\/acass.com\/fr\/avions-a-vendre-et-a-acquerir\/#primaryimage","url":"https:\/\/acass.com\/wp-content\/uploads\/2022\/09\/social.jpg","contentUrl":"https:\/\/acass.com\/wp-content\/uploads\/2022\/09\/social.jpg","width":1920,"height":1080},{"@type":"BreadcrumbList","@id":"https:\/\/acass.com\/fr\/avions-a-vendre-et-a-acquerir\/#breadcrumb","itemListElement":[{"@type":"ListItem","position":1,"name":"Home","item":"https:\/\/acass.com\/fr\/"},{"@type":"ListItem","position":2,"name":"Avions \u00e0 vendre et \u00e0 acqu\u00e9rir"}]},{"@type":"WebSite","@id":"https:\/\/acass.com\/fr\/#website","url":"https:\/\/acass.com\/fr\/","name":"ACASS","description":"Own Your Journey\u00ae","publisher":{"@id":"https:\/\/acass.com\/fr\/#organization"},"potentialAction":[{"@type":"SearchAction","target":{"@type":"EntryPoint","urlTemplate":"https:\/\/acass.com\/fr\/?s={search_term_string}"},"query-input":{"@type":"PropertyValueSpecification","valueRequired":true,"valueName":"search_term_string"}}],"inLanguage":"fr-FR"},{"@type":"Organization","@id":"https:\/\/acass.com\/fr\/#organization","name":"ACASS","url":"https:\/\/acass.com\/fr\/","logo":{"@type":"ImageObject","inLanguage":"fr-FR","@id":"https:\/\/acass.com\/fr\/#\/schema\/logo\/image\/","url":"https:\/\/acass.com\/wp-content\/uploads\/2022\/09\/social.jpg","contentUrl":"https:\/\/acass.com\/wp-content\/uploads\/2022\/09\/social.jpg","width":1920,"height":1080,"caption":"ACASS"},"image":{"@id":"https:\/\/acass.com\/fr\/#\/schema\/logo\/image\/"}}]}},"_links":{"self":[{"href":"https:\/\/acass.com\/fr\/wp-json\/wp\/v2\/pages\/3051","targetHints":{"allow":["GET"]}}],"collection":[{"href":"https:\/\/acass.com\/fr\/wp-json\/wp\/v2\/pages"}],"about":[{"href":"https:\/\/acass.com\/fr\/wp-json\/wp\/v2\/types\/page"}],"author":[{"embeddable":true,"href":"https:\/\/acass.com\/fr\/wp-json\/wp\/v2\/users\/1"}],"replies":[{"embeddable":true,"href":"https:\/\/acass.com\/fr\/wp-json\/wp\/v2\/comments?post=3051"}],"version-history":[{"count":6,"href":"https:\/\/acass.com\/fr\/wp-json\/wp\/v2\/pages\/3051\/revisions"}],"predecessor-version":[{"id":7612,"href":"https:\/\/acass.com\/fr\/wp-json\/wp\/v2\/pages\/3051\/revisions\/7612"}],"wp:featuredmedia":[{"embeddable":true,"href":"https:\/\/acass.com\/fr\/wp-json\/wp\/v2\/media\/3138"}],"wp:attachment":[{"href":"https:\/\/acass.com\/fr\/wp-json\/wp\/v2\/media?parent=3051"}],"curies":[{"name":"wp","href":"https:\/\/api.w.org\/{rel}","templated":true}]}}